{"id":632,"date":"2022-03-04T10:42:54","date_gmt":"2022-03-04T09:42:54","guid":{"rendered":"https:\/\/fiordigigli.com\/prenota\/"},"modified":"2024-03-18T17:51:13","modified_gmt":"2024-03-18T16:51:13","slug":"prenota","status":"publish","type":"page","link":"https:\/\/fiordigigli.com\/de\/prenota\/","title":{"rendered":"Prenota"},"content":{"rendered":"<p>[vc_row css=&#8220;.vc_custom_1646387145918{margin-top: -165px !important;background-image: url(https:\/\/fiordigigli.com\/wp-content\/uploads\/background.jpeg?id=39) !important;}&#8220; el_class=&#8220;the-post-set&#8220;][vc_column][vc_single_image image=&#8220;168&#8243; img_size=&#8220;1100&#215;500&#8243; el_class=&#8220;image-over&#8220;][vc_empty_space height=&#8220;10px&#8220;][vc_column_text css=&#8220;.vc_custom_1647865600418{margin-top: 20px !important;}&#8220;]<\/p>\n<p style=\"font-size: 31px; line-height: 23px; color: #00716d; letter-spacing: 0px; font-weight: 100 !important; text-align: center; width: 80%; margin: 0 auto; display: block; font-family: 'Overlock'; word-spacing: -2px; font-style: italic; margin-bottom: -15px; margin-top: 49px !important;\">Bedingungen und Informationen<\/p>\n<p>[\/vc_column_text][vc_column_text]<\/p>\n<p style=\"font-size: 17px; line-height: 23px; color: #00716d; letter-spacing: 0px; font-weight: 100 !important; text-align: center; width: 78%; margin: 0 auto; display: block; font-family: 'Overlock';\">Das Personal des Hotels Fiordigigli steht Ihnen zur Verf\u00fcgung, um Ihre Fragen zu beantworten, auf Ihre Bed\u00fcrfnisse einzugehen und individuelle L\u00f6sungen zu finden, um Ihnen den maximalen Komfort w\u00e4hrend Ihres Aufenthalts zu garantieren. Sie k\u00f6nnen unser Hotel rund um die Uhr \u00fcber unsere offiziellen Kontaktdaten oder soziale Netzwerke erreichen<\/p>\n<h5 style=\"margin-top: 12px !important; color: #00716d!important; max-width: 400px !important; font-weight: 900 !important; border: 1px solid #00716d; width: 223px !important; border-radius: 10px; margin: 27px auto !important; text-align: center !important; display: block !important; padding: 10px 20px;\"><a style=\"text-decoration: unset !important; color: #00716d!important;\" href=\"tel:+390862606171\">INFOLINE +39.0862.606171<\/a><\/h5>\n<p><a style=\"text-align: center; display: block; margin: 0 auto; margin-top: -20px; font-size: 15px !important;\" href=\"#booking-block\">ANDERE KONTAKTE<\/a>[\/vc_column_text][vc_row_inner equal_height=&#8220;yes&#8220; gap=&#8220;10&#8243; css=&#8220;.vc_custom_1646387835359{padding-right: 50px !important;padding-left: 50px !important;}&#8220;][vc_column_inner width=&#8220;1\/2&#8243;][vc_column_text el_class=&#8220;sectionTitle&#8220;]Buchungen und Zahlungen[\/vc_column_text][vc_column_text el_class=&#8220;sectionDesc&#8220;]Bei der Buchung ist normalerweise eine Anzahlung per Bank\u00fcberweisung zu leisten. Die H\u00f6he der Kaution wird von der Direktion je nach Art der gew\u00fcnschten Dienstleistung festgelegt. Zahlungen werden in bar, per Bankomat und mit den Kreditkarten VISA, MASTERCARD, POSTEPAY, MAESTRO, AMEX akzeptiert. Kinder von 0 bis 3 Jahren zahlen nichts, von 4 bis 8 Jahren erhalten sie eine Erm\u00e4\u00dfigung von 40 %, von 9 bis 13 Jahren eine Erm\u00e4\u00dfigung von 20 %. Vierbeinige Freunde sind gegen einen Aufpreis von 10,00 \u20ac pro Tag erlaubt. Ein Kinderbett kann gegen einen Aufpreis von 10,00 \u20ac pro Tag in das Zimmer gestellt werden.[\/vc_column_text][vc_column_text el_class=&#8220;sectionTitle&#8220;]Zus\u00e4tzliche Dienstleistungen und Informationen[\/vc_column_text][vc_column_text el_class=&#8220;sectionDesc&#8220;]Es besteht die M\u00f6glichkeit, Skip\u00e4sse zu Sonderpreisen direkt im Hotel zu buchen und abzuholen und die Ausr\u00fcstung in unserem Verleih zu leihen. Herr Alberto, unser erfahrener Bergf\u00fchrer, stellt Ihnen eine hochmoderne Ausr\u00fcstung zur Verf\u00fcgung, zu der auch leistungsstarke Alpin-Ski geh\u00f6ren.<br \/>\nKompletter Skiverleih \u20ac 20,00\/Tag. Snowboard und Schuhe \u20ac 25,00\/Tag. Erm\u00e4\u00dfigungen f\u00fcr mehrt\u00e4gige Anmietungen. Kinder von 0\/6 Jahren fahren kostenlos.[\/vc_column_text][vc_column_text el_class=&#8220;sectionTitle&#8220;]\u00d6ffnungszeiten des Hotels[\/vc_column_text][vc_column_text el_class=&#8220;sectionDesc&#8220;]Der Check-in ist von 12:00 bis 20:00 Uhr an jedem Tag der Woche m\u00f6glich. Ein sp\u00e4ter Check-in vor 22:00 Uhr ist nach vorheriger Anmeldung m\u00f6glich. Ein reichhaltiges Fr\u00fchst\u00fcck wird jeden Tag von 7:00 bis 10:00 Uhr mit einer Vielfalt von Kuchen serviert, die immer frisch und von den Besitzern selbst gemacht sind. Die Zimmerreinigung erfolgt t\u00e4glich nach 9:00 Uhr und vor 14:00 Uhr.<br \/>\n[\/vc_column_text][\/vc_column_inner][vc_column_inner width=&#8220;1\/2&#8243;][vc_column_text el_class=&#8220;sectionTitle&#8220;]<\/p>\n<p class=\"p1\">Sommer 2024<\/p>\n<p>[\/vc_column_text][vc_raw_html el_class=&#8220;sectionDesc&#8220;]JTNDU3RpbCUzRSUwQS5ub3R2aWV3JTIwJTdCJTBBJTIwJTIwJTIwJTIwZGlzcGxheSUzQW5vbmUlMjAlMjFpbXBvcnRhbnQlM0IlMEElN0QlMEF0ZCUyMCU3QiUwQUJyZWl0ZSUzQSUyMDIzJTIwJTI1JTNCJTBBVGV4dGF1c3JpY2h0dW5nJTNBJTIwTWl0dGUlM0IlMEElN0QlMEF0ZCUyMHNwYW4lMjAlN0IlMEFTY2hyaWZ0Z3IlQzMlQjYlQzMlOUZlJTNBJTIwMTJweCUzQiUwQSU3RCUwQXRkJTIwJTdCJTBBUmFuZCUzQSUyMDFweCUyMGZlc3QlMjAlMjFpbXBvcnRhbnQlM0IlMEFCaWxkc2NoaXJtc3BlcnJlJTNCJTBBQnJlaXRlJTNBJTIwMTAwJTIwJTI1JTNCJTBBTWluZGVzdGJyZWl0ZSUzQSUyMDEwMCUyMCUyNSUzQiUwQSU3RCUwQSUwQSUzQyUyRnN0eWxlJTNFJTBBJTNDdGFibGUlMjBzdHlsZSUzRCUyMmJvcmRlciUzQW5vbmUlMjAlMjFpbXBvcnRhbnQlM0IlMjBtYXJnaW4tdG9wJTNBJTIwLTFweCUzQiUyMiUzRSUwQSUzQ3RyJTNFJTBBJTNDdGQlM0VKVU5JJTIwMjAyNCUzQyUyRnRkJTNFJTBBJTNDdGQlM0VET1BQRUxaSU1NRVIlMjA5NSUyQzAwJTIwJUUyJTgyJUFDJTIwUFJPJTIwTkFDSFQlMjAlM0MlMkZ0ZCUzRSUwQSUzQ3RkJTNFJTIwRFJFSUZBQ0gtJUMzJTlDRiUyMDEyMCUyQzAwJTIwJUUyJTgyJUFDJTIwUFJPJTIwTkFDSFQlMjAlM0MlMkZ0ZCUzRSUwQSUzQ3RkJTNFJTIwVklFUkZBQ0gtJUMzJTlDRiUyMDE0MCUyQzAwJTIwJUUyJTgyJUFDJTIwUFJPJTIwTkFDSFQlMjAlM0MlMkZ0ZCUzRSUwQSUzQ3RkJTNFJTIwSFAlMjAyJTIwVEFHRSUyMDE2MCUyQzAwJTIwJUUyJTgyJUFDJTIwLSUyMDMlMjBUQUdFJTIwMjMwJTJDMDAlMjAlRTIlODIlQUMlMjAtJTIwNCUyMFRBR0UlMjAyOTAlMkMwMCUyMCVFMiU4MiVBQyUyMCUzQyUyRnRkJTNFJTBBJTNDdGQlMjBzdHlsZSUzRCUyMmJvcmRlciUzQW5vbmUlMjFpbXBvcnRhbnQlM0IlMjIlM0UlM0MlMkZ0ZCUzRSUwQSUzQ3RkJTIwc3R5bGUlM0QlMjJib3JkZXIlM0Fub25lJTIxaW1wb3J0YW50JTNCJTIyJTNFJTNDJTJGdGQlM0UlMEElM0MlMkZ0ciUzRSUwQSUzQyUyRnRhYmxlJTNFJTBBJTIwJTIwJTIwJTIwJTNDJTJGYnIlM0UlMEElMjAlMjAlMjAlMjAlMjAlMjAlMjAlMjAlM0MlMkZiciUzRSUwQSUzQ3RhYmxlJTIwc3R5bGUlM0QlMjJib3JkZXIlM0Fub25lJTIwJTIxaW1wb3J0YW50JTNCJTIwbWFyZ2luLXRvcCUzQSUyMC0xcHglM0IlMjIlM0UlMEElM0N0ciUzRSUwQSUzQ3RkJTNFSlVMSSUyMDIwMjQlMjAlM0MlMkZ0ZCUzRSUwQSUzQ3RkJTNFJTIwRE9QUEVMWklNTUVSJTIwJUMzJTlDRiUyMDEyMCUyQzAwJTIwJUUyJTgyJUFDJTIwUFJPJTIwTkFDSFQlMjAlM0MlMkZ0ZCUzRSUwQSUzQ3RkJTNFJTIwRFJFSUZBQ0gtJUMzJTlDRiUyMDE0MCUyQzAwJTIwJUUyJTgyJUFDJTIwUFJPJTIwTkFDSFQlMjAlM0MlMkZ0ZCUzRSUwQSUzQ3RkJTNFJTIwVklFUkZBQ0gtJUMzJTlDRiUyMDE2MCUyQzAwJTIwJUUyJTgyJUFDJTIwUFJPJTIwTkFDSFQlMjAlM0MlMkZ0ZCUzRSUwQSUzQ3RkJTNFJTIwSFAlMjAyJTIwVGFnZSUyMDE3NSUyQzAwJTIwJUUyJTgyJUFDJTIwJUUyJTgwJTkzJTIwMyUyMFRhZ2UlMjAyNDklMkMwMCUyMCVFMiU4MiVBQyUyMCVFMiU4MCU5MyUyMDQlMjBUYWdlJTIwMzIwJTJDMDAlMjAlRTIlODIlQUMlMjAlRTIlODAlOTMlMjA1JTIwVGFnZSUyMDM3NSUyQzAwJTIwJUUyJTgyJUFDJTIwJTNDJTJGdGQlM0UlMEElM0N0ZCUyMHN0eWxlJTNEJTIyYm9yZGVyJTNBbm9uZSUyMWltcG9ydGFudCUzQiUyMiUzRSUzQyUyRnRkJTNFJTBBJTNDdGQlMjBzdHlsZSUzRCUyMmJvcmRlciUzQW5vbmUlMjFpbXBvcnRhbnQlM0IlMjIlM0UlM0MlMkZ0ZCUzRSUwQSUzQyUyRnRyJTNFJTBBJTNDJTJGdGFibGUlM0UlMEElMjAlMjAlMjAlMjAlM0MlMkZiciUzRSUwQSUyMCUyMCUyMCUyMCUyMCUyMCUyMCUyMCUzQyUyRmJyJTNFJTBBJTNDdGFibGUlMjBzdHlsZSUzRCUyMmJvcmRlciUzQW5vbmUlMjAlMjFpbXBvcnRhbnQlM0IlMjBtYXJnaW4tdG9wJTNBJTIwLTFweCUzQiUyMiUzRSUwQSUzQ3RyJTNFJTBBJTNDdGQlM0UlMjBBVUdVU1QlMjAyMDI0JTIwJTNDJTJGdGQlM0UlMEElM0N0ZCUzRSUyMERPUFBFTFpJTU1FUiUyMCVDMyU5Q0YlMjAxMzAlMkMwMCUyMCVFMiU4MiVBQyUyMFBSTyUyME5BQ0hUJTIwJTNDJTJGdGQlM0UlMEElM0N0ZCUzRSUyMERSRUlGQUNILSVDMyU5Q0YlMjAxNjAlMkMwMCUyMCVFMiU4MiVBQyUyMFBSTyUyME5BQ0hUJTIwJTNDJTJGdGQlM0UlMEElM0N0ZCUzRVZJRVJGQUNIJTIwJUMzJTlDRiUyMDE5MCUyQzAwJTIwJUUyJTgyJUFDJTIwUFJPJTIwTkFDSFQlM0MlMkZ0ZCUzRSUwQSUzQ3RkJTNFJTIwSFAlMjAzJTIwVEFHRSUyMDMxNSUyQzAwJTIwJUUyJTgyJUFDJTIwJUUyJTgwJTkzJTIwNCUyMFRBR0UlMjA0MDAlMkMwMCUyMCVFMiU4MiVBQyUyMCVFMiU4MCU5MyUyMDUlMjBUQUdFJTIwNDcwJTJDMDAlMjAlRTIlODIlQUMlMjAlRTIlODAlOTMlMjA2JTIwTiVDMyU4NENIVEUlMjA1NzAlMkMwMCUyMCVFMiU4MiVBQyUyMCUzQyUyRnRkJTNFJTBBJTNDdGQlMjBzdHlsZSUzRCUyMmJvcmRlciUzQW5vbmUlMjFpbXBvcnRhbnQlM0IlMjIlM0UlM0MlMkZ0ZCUzRSUwQSUzQyUyRnRyJTNFJTBBJTNDJTJGdGFibGUlM0UlMEElM0N0YWJsZSUyMHN0eWxlJTNEJTIyYm9yZGVyJTNBbm9uZSUyMCUyMWltcG9ydGFudCUzQiUyMG1hcmdpbi10b3AlM0ElMjAtMXB4JTNCJTIyJTNFJTBBJTNDdHIlM0UlMEElM0N0ZCUzRSUyMEFVR1VTVFdPQ0hFJTNBJTIwJTNDJTJGdGQlM0UlMEElM0N0ZCUzRSUyMERPUFBFTC0lQzMlOUNGJTIwMTUwJTJDMDAlMjAlRTIlODIlQUMlMjAlM0MlMkZ0ZCUzRSUwQSUzQ3RkJTNFJTIwRFJFSUZBQ0glMjBCQiUyMDE2MCUyQzAwJTIwJUUyJTgyJUFDJTIwJTNDJTJGdGQlM0UlMEElM0N0ZCUzRSUyMFZJRVJGQUNIJTIwQkIlMjAyMjAlMkMwMCUyMCVFMiU4MiVBQyUyMCUzQyUyRnRkJTNFJTBBJTNDdGQlMjBzdHlsZSUzRCUyMmJvcmRlciUzQW5vbmUlMjFpbXBvcnRhbnQlM0IlMjIlM0UlM0MlMkZ0ZCUzRSUwQSUzQyUyRnRyJTNFJTBBJTNDJTJGdGFibGUlM0UlMEElMjAlMjAlMjAlMjAlM0MlMkZiciUzRSUwQSUyMCUyMCUyMCUyMCUyMCUyMCUyMCUwQSUzQ3RkJTNFRElFJTIwS1VOREVOJTIwRVJIQUxURU4lMjBESUUlMjBTT01NRVJLQVJURSUyQyUyMElOJTIwREVSJTIwQUxMRSUyMEVSTSVDMyU4NCVDMyU5RklHVU5HRU4lMjBBVUYlMjBBTkRFUkUlMjBESUVOU1RMRUlTVFVOR0VOJTIwSU0lMjBHRUJJRVQlMjBBTkdFR0VCRU4lMjBXRVJERU4uJTBBQUIlMjA0JTIwVEFHRSUyMElTVCUyMDElMjBQSUNOSUMtS09SQiUyMFpVTSUyMFJFU0VSVklFUkVOJTIwSU5LTFVTSVZFJTBBJTNDJTJGdGQlM0UlMEElM0MlMkZ0ciUzRSUwQSUzQyUyRnRhYmxlJTNF[\/vc_raw_html][vc_raw_html el_class=&#8220;sectionDesc notview&#8220;]JTNDU3RpbCUzRSUwQS5ub3R2aWV3JTIwJTdCJTBBJTIwJTIwJTIwJTIwZGlzcGxheSUzQW5vbmUlMjAlMjFpbXBvcnRhbnQlM0IlMEElN0QlMEF0ZCUyMCU3QiUwQUJyZWl0ZSUzQSUyMDIzJTIwJTI1JTNCJTBBVGV4dGF1c3JpY2h0dW5nJTNBJTIwTWl0dGUlM0IlMEElN0QlMEF0ZCUyMHNwYW4lMjAlN0IlMEFTY2hyaWZ0Z3IlQzMlQjYlQzMlOUZlJTNBJTIwMTJweCUzQiUwQSU3RCUwQXRkJTIwJTdCJTBBUmFuZCUzQSUyMDFweCUyMGZlc3QlMjAlMjFpbXBvcnRhbnQlM0IlMEFCaWxkc2NoaXJtc3BlcnJlJTNCJTBBQnJlaXRlJTNBJTIwMTAwJTIwJTI1JTNCJTBBTWluZGVzdGJyZWl0ZSUzQSUyMDEwMCUyMCUyNSUzQiUwQSU3RCUwQSUwQSUzQyUyRnN0eWxlJTNFJTBBJTNDdGFibGUlMjBzdHlsZSUzRCUyMmJvcmRlciUzQW5vbmUlMjAlMjFpbXBvcnRhbnQlM0IlMjBtYXJnaW4tdG9wJTNBJTIwLTFweCUzQiUyMiUzRSUwQSUzQ3RyJTNFJTBBJTNDdGQlM0VKVU5JJTIwMjAyNCUzQyUyRnRkJTNFJTBBJTNDdGQlM0VET1BQRUxaSU1NRVIlMjA5NSUyQzAwJTIwJUUyJTgyJUFDJTIwUFJPJTIwTkFDSFQlMjAlM0MlMkZ0ZCUzRSUwQSUzQ3RkJTNFJTIwRFJFSUZBQ0gtJUMzJTlDRiUyMDEyMCUyQzAwJTIwJUUyJTgyJUFDJTIwUFJPJTIwTkFDSFQlMjAlM0MlMkZ0ZCUzRSUwQSUzQ3RkJTNFJTIwVklFUkZBQ0gtJUMzJTlDRiUyMDE0MCUyQzAwJTIwJUUyJTgyJUFDJTIwUFJPJTIwTkFDSFQlMjAlM0MlMkZ0ZCUzRSUwQSUzQ3RkJTNFJTIwSFAlMjAyJTIwVEFHRSUyMDE2MCUyQzAwJTIwJUUyJTgyJUFDJTIwLSUyMDMlMjBUQUdFJTIwMjMwJTJDMDAlMjAlRTIlODIlQUMlMjAtJTIwNCUyMFRBR0UlMjAyOTAlMkMwMCUyMCVFMiU4MiVBQyUyMCUzQyUyRnRkJTNFJTBBJTNDdGQlMjBzdHlsZSUzRCUyMmJvcmRlciUzQW5vbmUlMjFpbXBvcnRhbnQlM0IlMjIlM0UlM0MlMkZ0ZCUzRSUwQSUzQ3RkJTIwc3R5bGUlM0QlMjJib3JkZXIlM0Fub25lJTIxaW1wb3J0YW50JTNCJTIyJTNFJTNDJTJGdGQlM0UlMEElM0MlMkZ0ciUzRSUwQSUzQyUyRnRhYmxlJTNFJTBBJTIwJTIwJTIwJTIwJTNDJTJGYnIlM0UlMEElMjAlMjAlMjAlMjAlMjAlMjAlMjAlMjAlM0MlMkZiciUzRSUwQSUzQ3RhYmxlJTIwc3R5bGUlM0QlMjJib3JkZXIlM0Fub25lJTIwJTIxaW1wb3J0YW50JTNCJTIwbWFyZ2luLXRvcCUzQSUyMC0xcHglM0IlMjIlM0UlMEElM0N0ciUzRSUwQSUzQ3RkJTNFSlVMSSUyMDIwMjQlMjAlM0MlMkZ0ZCUzRSUwQSUzQ3RkJTNFJTIwRE9QUEVMWklNTUVSJTIwJUMzJTlDRiUyMDEyMCUyQzAwJTIwJUUyJTgyJUFDJTIwUFJPJTIwTkFDSFQlMjAlM0MlMkZ0ZCUzRSUwQSUzQ3RkJTNFJTIwRFJFSUZBQ0gtJUMzJTlDRiUyMDE0MCUyQzAwJTIwJUUyJTgyJUFDJTIwUFJPJTIwTkFDSFQlMjAlM0MlMkZ0ZCUzRSUwQSUzQ3RkJTNFJTIwVklFUkZBQ0gtJUMzJTlDRiUyMDE2MCUyQzAwJTIwJUUyJTgyJUFDJTIwUFJPJTIwTkFDSFQlMjAlM0MlMkZ0ZCUzRSUwQSUzQ3RkJTNFJTIwSFAlMjAyJTIwVGFnZSUyMDE3NSUyQzAwJTIwJUUyJTgyJUFDJTIwJUUyJTgwJTkzJTIwMyUyMFRhZ2UlMjAyNDklMkMwMCUyMCVFMiU4MiVBQyUyMCVFMiU4MCU5MyUyMDQlMjBUYWdlJTIwMzIwJTJDMDAlMjAlRTIlODIlQUMlMjAlRTIlODAlOTMlMjA1JTIwVGFnZSUyMDM3NSUyQzAwJTIwJUUyJTgyJUFDJTIwJTNDJTJGdGQlM0UlMEElM0N0ZCUyMHN0eWxlJTNEJTIyYm9yZGVyJTNBbm9uZSUyMWltcG9ydGFudCUzQiUyMiUzRSUzQyUyRnRkJTNFJTBBJTNDdGQlMjBzdHlsZSUzRCUyMmJvcmRlciUzQW5vbmUlMjFpbXBvcnRhbnQlM0IlMjIlM0UlM0MlMkZ0ZCUzRSUwQSUzQyUyRnRyJTNFJTBBJTNDJTJGdGFibGUlM0UlMEElMjAlMjAlMjAlMjAlM0MlMkZiciUzRSUwQSUyMCUyMCUyMCUyMCUyMCUyMCUyMCUyMCUzQyUyRmJyJTNFJTBBJTNDdGFibGUlMjBzdHlsZSUzRCUyMmJvcmRlciUzQW5vbmUlMjAlMjFpbXBvcnRhbnQlM0IlMjBtYXJnaW4tdG9wJTNBJTIwLTFweCUzQiUyMiUzRSUwQSUzQ3RyJTNFJTBBJTNDdGQlM0UlMjBBVUdVU1QlMjAyMDI0JTIwJTNDJTJGdGQlM0UlMEElM0N0ZCUzRSUyMERPUFBFTFpJTU1FUiUyMCVDMyU5Q0YlMjAxMzAlMkMwMCUyMCVFMiU4MiVBQyUyMFBSTyUyME5BQ0hUJTIwJTNDJTJGdGQlM0UlMEElM0N0ZCUzRSUyMERSRUlGQUNILSVDMyU5Q0YlMjAxNjAlMkMwMCUyMCVFMiU4MiVBQyUyMFBSTyUyME5BQ0hUJTIwJTNDJTJGdGQlM0UlMEElM0N0ZCUzRVZJRVJGQUNIJTIwJUMzJTlDRiUyMDE5MCUyQzAwJTIwJUUyJTgyJUFDJTIwUFJPJTIwTkFDSFQlM0MlMkZ0ZCUzRSUwQSUzQ3RkJTNFJTIwSFAlMjAzJTIwVEFHRSUyMDMxNSUyQzAwJTIwJUUyJTgyJUFDJTIwJUUyJTgwJTkzJTIwNCUyMFRBR0UlMjA0MDAlMkMwMCUyMCVFMiU4MiVBQyUyMCVFMiU4MCU5MyUyMDUlMjBUQUdFJTIwNDcwJTJDMDAlMjAlRTIlODIlQUMlMjAlRTIlODAlOTMlMjA2JTIwTiVDMyU4NENIVEUlMjA1NzAlMkMwMCUyMCVFMiU4MiVBQyUyMCUzQyUyRnRkJTNFJTBBJTNDdGQlMjBzdHlsZSUzRCUyMmJvcmRlciUzQW5vbmUlMjFpbXBvcnRhbnQlM0IlMjIlM0UlM0MlMkZ0ZCUzRSUwQSUzQyUyRnRyJTNFJTBBJTNDJTJGdGFibGUlM0UlMEElM0N0YWJsZSUyMHN0eWxlJTNEJTIyYm9yZGVyJTNBbm9uZSUyMCUyMWltcG9ydGFudCUzQiUyMG1hcmdpbi10b3AlM0ElMjAtMXB4JTNCJTIyJTNFJTBBJTNDdHIlM0UlMEElM0N0ZCUzRSUyMEFVR1VTVFdPQ0hFJTNBJTIwJTNDJTJGdGQlM0UlMEElM0N0ZCUzRSUyMERPUFBFTC0lQzMlOUNGJTIwMTUwJTJDMDAlMjAlRTIlODIlQUMlMjAlM0MlMkZ0ZCUzRSUwQSUzQ3RkJTNFJTIwRFJFSUZBQ0glMjBCQiUyMDE2MCUyQzAwJTIwJUUyJTgyJUFDJTIwJTNDJTJGdGQlM0UlMEElM0N0ZCUzRSUyMFZJRVJGQUNIJTIwQkIlMjAyMjAlMkMwMCUyMCVFMiU4MiVBQyUyMCUzQyUyRnRkJTNFJTBBJTNDdGQlMjBzdHlsZSUzRCUyMmJvcmRlciUzQW5vbmUlMjFpbXBvcnRhbnQlM0IlMjIlM0UlM0MlMkZ0ZCUzRSUwQSUzQyUyRnRyJTNFJTBBJTNDJTJGdGFibGUlM0UlMEElMjAlMjAlMjAlMjAlM0MlMkZiciUzRSUwQSUyMCUyMCUyMCUyMCUyMCUyMCUyMCUwQSUzQ3RkJTNFRElFJTIwS1VOREVOJTIwRVJIQUxURU4lMjBESUUlMjBTT01NRVJLQVJURSUyQyUyMElOJTIwREVSJTIwQUxMRSUyMEVSTSVDMyU4NCVDMyU5RklHVU5HRU4lMjBBVUYlMjBBTkRFUkUlMjBESUVOU1RMRUlTVFVOR0VOJTIwSU0lMjBHRUJJRVQlMjBBTkdFR0VCRU4lMjBXRVJERU4uJTBBQUIlMjA0JTIwVEFHRSUyMElTVCUyMDElMjBQSUNOSUMtS09SQiUyMFpVTSUyMFJFU0VSVklFUkVOJTIwSU5LTFVTSVZFJTBBJTNDJTJGdGQlM0UlMEElM0MlMkZ0ciUzRSUwQSUzQyUyRnRhYmxlJTNF[\/vc_raw_html][\/vc_column_inner][\/vc_row_inner][\/vc_column][\/vc_row]<\/p>\n","protected":false},"excerpt":{"rendered":"<p>[vc_row css=&#8220;.vc_custom_1646387145918{margin-top: -165px !important;background-image: url(https:\/\/fiordigigli.com\/wp-content\/uploads\/background.jpeg?id=39) !important;}&#8220; el_class=&#8220;the-post-set&#8220;][vc_column][vc_single_image image=&#8220;168&#8243; img_size=&#8220;1100&#215;500&#8243; el_class=&#8220;image-over&#8220;][vc_empty_space height=&#8220;10px&#8220;][vc_column_text css=&#8220;.vc_custom_1647865600418{margin-top: 20px !important;}&#8220;] Bedingungen und Informationen [\/vc_column_text][vc_column_text] Das Personal des Hotels Fiordigigli steht Ihnen zur Verf\u00fcgung, um Ihre Fragen zu beantworten, auf Ihre Bed\u00fcrfnisse einzugehen und individuelle L\u00f6sungen zu finden, um Ihnen den maximalen Komfort w\u00e4hrend Ihres Aufenthalts zu garantieren. Sie k\u00f6nnen unser Hotel&hellip; <a class=\"more-link\" href=\"https:\/\/fiordigigli.com\/de\/prenota\/\"><span class=\"screen-reader-text\">Prenota<\/span> weiterlesen<\/a><\/p>\n","protected":false},"author":1,"featured_media":0,"parent":0,"menu_order":0,"comment_status":"closed","ping_status":"closed","template":"","meta":{"footnotes":""},"class_list":["post-632","page","type-page","status-publish","hentry","entry"],"yoast_head":"<!-- This site is optimized with the Yoast SEO plugin v21.8 - https:\/\/yoast.com\/wordpress\/plugins\/seo\/ -->\n<title>Prenota - Hotel Fiordigigli Gran Sasso<\/title>\n<meta name=\"robots\" content=\"index, follow, max-snippet:-1, max-image-preview:large, max-video-preview:-1\" \/>\n<link rel=\"canonical\" href=\"https:\/\/fiordigigli.com\/de\/prenota\/\" \/>\n<meta property=\"og:locale\" content=\"de_DE\" \/>\n<meta property=\"og:type\" content=\"article\" \/>\n<meta property=\"og:title\" content=\"Prenota - Hotel Fiordigigli Gran Sasso\" \/>\n<meta property=\"og:description\" content=\"[vc_row css=&#8220;.vc_custom_1646387145918{margin-top: -165px !important;background-image: url(https:\/\/fiordigigli.com\/wp-content\/uploads\/background.jpeg?id=39) !important;}&#8220; el_class=&#8220;the-post-set&#8220;][vc_column][vc_single_image image=&#8220;168&#8243; img_size=&#8220;1100&#215;500&#8243; el_class=&#8220;image-over&#8220;][vc_empty_space height=&#8220;10px&#8220;][vc_column_text css=&#8220;.vc_custom_1647865600418{margin-top: 20px !important;}&#8220;] Bedingungen und Informationen [\/vc_column_text][vc_column_text] Das Personal des Hotels Fiordigigli steht Ihnen zur Verf\u00fcgung, um Ihre Fragen zu beantworten, auf Ihre Bed\u00fcrfnisse einzugehen und individuelle L\u00f6sungen zu finden, um Ihnen den maximalen Komfort w\u00e4hrend Ihres Aufenthalts zu garantieren. Sie k\u00f6nnen unser Hotel&hellip; Prenota weiterlesen\" \/>\n<meta property=\"og:url\" content=\"https:\/\/fiordigigli.com\/de\/prenota\/\" \/>\n<meta property=\"og:site_name\" content=\"Hotel Fiordigigli Gran Sasso\" \/>\n<meta property=\"article:modified_time\" content=\"2024-03-18T16:51:13+00:00\" \/>\n<meta name=\"twitter:card\" content=\"summary_large_image\" \/>\n<meta name=\"twitter:label1\" content=\"Gesch\u00e4tzte Lesezeit\" \/>\n\t<meta name=\"twitter:data1\" content=\"2\u00a0Minuten\" \/>\n<script type=\"application\/ld+json\" class=\"yoast-schema-graph\">{\"@context\":\"https:\/\/schema.org\",\"@graph\":[{\"@type\":\"WebPage\",\"@id\":\"https:\/\/fiordigigli.com\/de\/prenota\/\",\"url\":\"https:\/\/fiordigigli.com\/de\/prenota\/\",\"name\":\"Prenota - Hotel Fiordigigli Gran Sasso\",\"isPartOf\":{\"@id\":\"https:\/\/fiordigigli.com\/#website\"},\"datePublished\":\"2022-03-04T09:42:54+00:00\",\"dateModified\":\"2024-03-18T16:51:13+00:00\",\"inLanguage\":\"de\",\"potentialAction\":[{\"@type\":\"ReadAction\",\"target\":[\"https:\/\/fiordigigli.com\/de\/prenota\/\"]}]},{\"@type\":\"WebSite\",\"@id\":\"https:\/\/fiordigigli.com\/#website\",\"url\":\"https:\/\/fiordigigli.com\/\",\"name\":\"Hotel Fiordigigli Gran Sasso\",\"description\":\"Camere, ristorante tipico e casereccio, noleggio attrezzatura, acqiusto skipass e funivia\",\"potentialAction\":[{\"@type\":\"SearchAction\",\"target\":{\"@type\":\"EntryPoint\",\"urlTemplate\":\"https:\/\/fiordigigli.com\/?s={search_term_string}\"},\"query-input\":\"required name=search_term_string\"}],\"inLanguage\":\"de\"}]}<\/script>\n<!-- \/ Yoast SEO plugin. -->","yoast_head_json":{"title":"Prenota - Hotel Fiordigigli Gran Sasso","robots":{"index":"index","follow":"follow","max-snippet":"max-snippet:-1","max-image-preview":"max-image-preview:large","max-video-preview":"max-video-preview:-1"},"canonical":"https:\/\/fiordigigli.com\/de\/prenota\/","og_locale":"de_DE","og_type":"article","og_title":"Prenota - Hotel Fiordigigli Gran Sasso","og_description":"[vc_row css=&#8220;.vc_custom_1646387145918{margin-top: -165px !important;background-image: url(https:\/\/fiordigigli.com\/wp-content\/uploads\/background.jpeg?id=39) !important;}&#8220; el_class=&#8220;the-post-set&#8220;][vc_column][vc_single_image image=&#8220;168&#8243; img_size=&#8220;1100&#215;500&#8243; el_class=&#8220;image-over&#8220;][vc_empty_space height=&#8220;10px&#8220;][vc_column_text css=&#8220;.vc_custom_1647865600418{margin-top: 20px !important;}&#8220;] Bedingungen und Informationen [\/vc_column_text][vc_column_text] Das Personal des Hotels Fiordigigli steht Ihnen zur Verf\u00fcgung, um Ihre Fragen zu beantworten, auf Ihre Bed\u00fcrfnisse einzugehen und individuelle L\u00f6sungen zu finden, um Ihnen den maximalen Komfort w\u00e4hrend Ihres Aufenthalts zu garantieren. Sie k\u00f6nnen unser Hotel&hellip; Prenota weiterlesen","og_url":"https:\/\/fiordigigli.com\/de\/prenota\/","og_site_name":"Hotel Fiordigigli Gran Sasso","article_modified_time":"2024-03-18T16:51:13+00:00","twitter_card":"summary_large_image","twitter_misc":{"Gesch\u00e4tzte Lesezeit":"2\u00a0Minuten"},"schema":{"@context":"https:\/\/schema.org","@graph":[{"@type":"WebPage","@id":"https:\/\/fiordigigli.com\/de\/prenota\/","url":"https:\/\/fiordigigli.com\/de\/prenota\/","name":"Prenota - Hotel Fiordigigli Gran Sasso","isPartOf":{"@id":"https:\/\/fiordigigli.com\/#website"},"datePublished":"2022-03-04T09:42:54+00:00","dateModified":"2024-03-18T16:51:13+00:00","inLanguage":"de","potentialAction":[{"@type":"ReadAction","target":["https:\/\/fiordigigli.com\/de\/prenota\/"]}]},{"@type":"WebSite","@id":"https:\/\/fiordigigli.com\/#website","url":"https:\/\/fiordigigli.com\/","name":"Hotel Fiordigigli Gran Sasso","description":"Camere, ristorante tipico e casereccio, noleggio attrezzatura, acqiusto skipass e funivia","potentialAction":[{"@type":"SearchAction","target":{"@type":"EntryPoint","urlTemplate":"https:\/\/fiordigigli.com\/?s={search_term_string}"},"query-input":"required name=search_term_string"}],"inLanguage":"de"}]}},"_links":{"self":[{"href":"https:\/\/fiordigigli.com\/de\/wp-json\/wp\/v2\/pages\/632","targetHints":{"allow":["GET"]}}],"collection":[{"href":"https:\/\/fiordigigli.com\/de\/wp-json\/wp\/v2\/pages"}],"about":[{"href":"https:\/\/fiordigigli.com\/de\/wp-json\/wp\/v2\/types\/page"}],"author":[{"embeddable":true,"href":"https:\/\/fiordigigli.com\/de\/wp-json\/wp\/v2\/users\/1"}],"replies":[{"embeddable":true,"href":"https:\/\/fiordigigli.com\/de\/wp-json\/wp\/v2\/comments?post=632"}],"version-history":[{"count":9,"href":"https:\/\/fiordigigli.com\/de\/wp-json\/wp\/v2\/pages\/632\/revisions"}],"predecessor-version":[{"id":3389,"href":"https:\/\/fiordigigli.com\/de\/wp-json\/wp\/v2\/pages\/632\/revisions\/3389"}],"wp:attachment":[{"href":"https:\/\/fiordigigli.com\/de\/wp-json\/wp\/v2\/media?parent=632"}],"curies":[{"name":"wp","href":"https:\/\/api.w.org\/{rel}","templated":true}]}}