{"id":630,"date":"2022-02-18T11:18:29","date_gmt":"2022-02-18T10:18:29","guid":{"rendered":"https:\/\/fiordigigli.com\/fiordigigli-proposte-gran-sasso-abruzzo\/"},"modified":"2022-08-19T18:56:45","modified_gmt":"2022-08-19T16:56:45","slug":"fiordigigli-proposte-gran-sasso-abruzzo","status":"publish","type":"page","link":"https:\/\/fiordigigli.com\/de\/fiordigigli-proposte-gran-sasso-abruzzo\/","title":{"rendered":"fiordigigli proposte gran sasso abruzzo"},"content":{"rendered":"<p>[vc_row css=&#8220;.vc_custom_1645115267308{margin-top: -165px !important;margin-bottom: -50px !important;padding-top: 50px !important;padding-bottom: 50px !important;background-image: url(https:\/\/fiordigigli.com\/wp-content\/uploads\/background.jpeg?id=39) !important;}&#8220;][vc_column][vc_column_text]<!-- Widget Shortcode --><div id=\"custom_html-6\" class=\"widget_text widget widget_custom_html widget-shortcode area-arbitrary \"><h2 class=\"widgettitle\">PROPOSTE &#8211; Image SET per HOME PAGE<\/h2><div class=\"textwidget custom-html-widget\"><div class=\"desktop\" style=\"\r\n    display: flex;\r\n    width: 1100px;\r\n    margin: 0 auto;\r\n    text-align: center;\r\n    padding: 0 10%;\r\n    margin-top: 0px;\r\n\">\r\n<img decoding=\"async\" src=\"\/wp-content\/uploads\/Ristorante_4.jpg\" style=\"width: 160px;margin: 0 auto;border: 8px solid #fff;box-shadow: 0 8px 17px -11px #000;transform: rotate(-2deg);border-radius: 7px;height: 107px;margin-top: 51px;margin-right: -50px;\">\r\n<img decoding=\"async\" src=\"\/wp-content\/uploads\/2-scaled.jpg\" style=\"width: 199px;margin: 0 auto;border: 10px solid #fff;box-shadow: 0 8px 17px -11px #000;transform: rotate(-1deg);border-radius: 7px;position: relative;z-index: 99;height: 144px;margin-top: 19px;margin-right: -57px;\">\r\n<img decoding=\"async\" src=\"\/wp-content\/uploads\/Ristorante_8.jpg\" style=\"\r\n    margin: auto;\r\n    width: 280px;\r\n    max-width: 500px;\r\n    display: block;\r\n    margin: 0 auto;\r\n    border: 14px solid #fff;\r\n    box-shadow: 0 8px 17px -11px #000;\r\n    transform: rotate(0deg);\r\n    border-radius: 7px;\r\n    position: relative;\r\n    z-index: 999;\r\n    margin-top: -17px;\r\n\">\r\n<img decoding=\"async\" src=\"\/wp-content\/uploads\/snowf.jpeg\" style=\"width: 199px;margin: 0 auto;border: 10px solid #fff;box-shadow: 0 8px 17px -11px #000;transform: rotate(1deg);border-radius: 7px;height: 144px;margin-top: 19px;margin-left: -57px;position: relative;z-index: 99;\">\r\n<img decoding=\"async\" src=\"\/wp-content\/uploads\/Spa_13.jpg\" style=\"width: 160px;margin: 0 auto;border: 8px solid #fff;box-shadow: 0 8px 17px -11px #000;transform: rotate(2deg);border-radius: 7px;height: 107px;margin-top: 51px;margin-left: -50px;\">\r\n<\/div><\/div><\/div><!-- \/Widget Shortcode -->[\/vc_column_text][vc_column_text]<\/p>\n<p style=\"font-size: 31px; line-height: 23px; color: #00716d; letter-spacing: 0px; font-weight: 100 !important; text-align: center; width: 80%; margin: 0 auto; display: block; font-family: 'Overlock'; word-spacing: -2px; font-style: italic; margin-bottom: -15px; margin-top: 49px !important;\">Brauchen Sie <strong>Inspiration?<\/strong><\/p>\n<p>[\/vc_column_text][vc_column_text]<\/p>\n<p style=\"font-size: 17px; line-height: 25px; color: #00716d; letter-spacing: 0px; font-weight: 100 !important; text-align: center; max-width: 700px; margin: 0 auto; display: block; font-family: 'Overlock';\">Genie\u00dfen Sie Aktivit\u00e4ten in der Natur, nehmen Sie an vorbereiteten Ausfl\u00fcgen teil oder machen Sie lange Spazierg\u00e4nge, bei denen Sie sich entspannen k\u00f6nnen. Etwa 1 Stunde mit dem Auto entfernt erwartet Sie das Tirino-Tal zum Kanu- und Kajakfahren und vieles mehr.<br \/>\nF\u00fcr die Kleinsten bietet der &#8222;Adventure Park Gran Sasso&#8220; in Fonte Cerreto, einem Ort an der Talstation der Seilbahn, nur einen Steinwurf vom Hotel entfernt, lustige Aktivit\u00e4ten f\u00fcr Kinder und Jugendliche und die M\u00f6glichkeit f\u00fcr die Eltern, sich zu entspannen.<br \/>\nDies und vieles mehr erwartet Sie auf dem faszinierendsten Berg der Abruzzen!<\/p>\n<p>[\/vc_column_text][vc_column_text]<\/p>\n<p style=\"font-size: 20px; line-height: 23px; color: #00716d; letter-spacing: 0px; font-weight: 100 !important; text-align: center; width: 80%; margin: 0 auto; display: block; font-family: 'Overlock'; word-spacing: -2px; font-style: italic; margin-bottom: 5px; margin-top: 29px !important;\">Entdecken Sie unsere <strong>Angebote<\/strong>.<\/p>\n<p>[\/vc_column_text][vc_basic_grid post_type=&#8220;post&#8220; max_items=&#8220;-1&#8243; item=&#8220;102&#8243; grid_id=&#8220;vc_gid:1660928192273-06ec22f6-2383-1&#8243; taxonomies=&#8220;32, 71&#8243; css=&#8220;.vc_custom_1660928204055{margin-top: -45px !important;padding-right: 30px !important;padding-left: 30px !important;}&#8220;][\/vc_column][\/vc_row]<\/p>\n","protected":false},"excerpt":{"rendered":"<p>[vc_row css=&#8220;.vc_custom_1645115267308{margin-top: -165px !important;margin-bottom: -50px !important;padding-top: 50px !important;padding-bottom: 50px !important;background-image: url(https:\/\/fiordigigli.com\/wp-content\/uploads\/background.jpeg?id=39) !important;}&#8220;][vc_column][vc_column_text][\/vc_column_text][vc_column_text] Brauchen Sie Inspiration? [\/vc_column_text][vc_column_text] Genie\u00dfen Sie Aktivit\u00e4ten in der Natur, nehmen Sie an vorbereiteten Ausfl\u00fcgen teil oder machen Sie lange Spazierg\u00e4nge, bei denen Sie sich entspannen k\u00f6nnen. Etwa 1 Stunde mit dem Auto entfernt erwartet Sie das Tirino-Tal zum Kanu- und Kajakfahren und&hellip; <a class=\"more-link\" href=\"https:\/\/fiordigigli.com\/de\/fiordigigli-proposte-gran-sasso-abruzzo\/\"><span class=\"screen-reader-text\">fiordigigli proposte gran sasso abruzzo<\/span> weiterlesen<\/a><\/p>\n","protected":false},"author":1,"featured_media":0,"parent":0,"menu_order":0,"comment_status":"closed","ping_status":"closed","template":"","meta":{"footnotes":""},"class_list":["post-630","page","type-page","status-publish","hentry","entry"],"yoast_head":"<!-- This site is optimized with the Yoast SEO plugin v21.8 - https:\/\/yoast.com\/wordpress\/plugins\/seo\/ -->\n<title>fiordigigli proposte gran sasso abruzzo - Hotel Fiordigigli Gran Sasso<\/title>\n<meta name=\"robots\" content=\"index, follow, max-snippet:-1, max-image-preview:large, max-video-preview:-1\" \/>\n<link rel=\"canonical\" href=\"https:\/\/fiordigigli.com\/de\/fiordigigli-proposte-gran-sasso-abruzzo\/\" \/>\n<meta property=\"og:locale\" content=\"de_DE\" \/>\n<meta property=\"og:type\" content=\"article\" \/>\n<meta property=\"og:title\" content=\"fiordigigli proposte gran sasso abruzzo - Hotel Fiordigigli Gran Sasso\" \/>\n<meta property=\"og:description\" content=\"[vc_row css=&#8220;.vc_custom_1645115267308{margin-top: -165px !important;margin-bottom: -50px !important;padding-top: 50px !important;padding-bottom: 50px !important;background-image: url(https:\/\/fiordigigli.com\/wp-content\/uploads\/background.jpeg?id=39) !important;}&#8220;][vc_column][vc_column_text][\/vc_column_text][vc_column_text] Brauchen Sie Inspiration? [\/vc_column_text][vc_column_text] Genie\u00dfen Sie Aktivit\u00e4ten in der Natur, nehmen Sie an vorbereiteten Ausfl\u00fcgen teil oder machen Sie lange Spazierg\u00e4nge, bei denen Sie sich entspannen k\u00f6nnen. Etwa 1 Stunde mit dem Auto entfernt erwartet Sie das Tirino-Tal zum Kanu- und Kajakfahren und&hellip; fiordigigli proposte gran sasso abruzzo weiterlesen\" \/>\n<meta property=\"og:url\" content=\"https:\/\/fiordigigli.com\/de\/fiordigigli-proposte-gran-sasso-abruzzo\/\" \/>\n<meta property=\"og:site_name\" content=\"Hotel Fiordigigli Gran Sasso\" \/>\n<meta property=\"article:modified_time\" content=\"2022-08-19T16:56:45+00:00\" \/>\n<meta name=\"twitter:card\" content=\"summary_large_image\" \/>\n<meta name=\"twitter:label1\" content=\"Gesch\u00e4tzte Lesezeit\" \/>\n\t<meta name=\"twitter:data1\" content=\"1\u00a0Minute\" \/>\n<script type=\"application\/ld+json\" class=\"yoast-schema-graph\">{\"@context\":\"https:\/\/schema.org\",\"@graph\":[{\"@type\":\"WebPage\",\"@id\":\"https:\/\/fiordigigli.com\/de\/fiordigigli-proposte-gran-sasso-abruzzo\/\",\"url\":\"https:\/\/fiordigigli.com\/de\/fiordigigli-proposte-gran-sasso-abruzzo\/\",\"name\":\"fiordigigli proposte gran sasso abruzzo - Hotel Fiordigigli Gran Sasso\",\"isPartOf\":{\"@id\":\"https:\/\/fiordigigli.com\/#website\"},\"datePublished\":\"2022-02-18T10:18:29+00:00\",\"dateModified\":\"2022-08-19T16:56:45+00:00\",\"inLanguage\":\"de\",\"potentialAction\":[{\"@type\":\"ReadAction\",\"target\":[\"https:\/\/fiordigigli.com\/de\/fiordigigli-proposte-gran-sasso-abruzzo\/\"]}]},{\"@type\":\"WebSite\",\"@id\":\"https:\/\/fiordigigli.com\/#website\",\"url\":\"https:\/\/fiordigigli.com\/\",\"name\":\"Hotel Fiordigigli Gran Sasso\",\"description\":\"Camere, ristorante tipico e casereccio, noleggio attrezzatura, acqiusto skipass e funivia\",\"potentialAction\":[{\"@type\":\"SearchAction\",\"target\":{\"@type\":\"EntryPoint\",\"urlTemplate\":\"https:\/\/fiordigigli.com\/?s={search_term_string}\"},\"query-input\":\"required name=search_term_string\"}],\"inLanguage\":\"de\"}]}<\/script>\n<!-- \/ Yoast SEO plugin. -->","yoast_head_json":{"title":"fiordigigli proposte gran sasso abruzzo - Hotel Fiordigigli Gran Sasso","robots":{"index":"index","follow":"follow","max-snippet":"max-snippet:-1","max-image-preview":"max-image-preview:large","max-video-preview":"max-video-preview:-1"},"canonical":"https:\/\/fiordigigli.com\/de\/fiordigigli-proposte-gran-sasso-abruzzo\/","og_locale":"de_DE","og_type":"article","og_title":"fiordigigli proposte gran sasso abruzzo - Hotel Fiordigigli Gran Sasso","og_description":"[vc_row css=&#8220;.vc_custom_1645115267308{margin-top: -165px !important;margin-bottom: -50px !important;padding-top: 50px !important;padding-bottom: 50px !important;background-image: url(https:\/\/fiordigigli.com\/wp-content\/uploads\/background.jpeg?id=39) !important;}&#8220;][vc_column][vc_column_text][\/vc_column_text][vc_column_text] Brauchen Sie Inspiration? [\/vc_column_text][vc_column_text] Genie\u00dfen Sie Aktivit\u00e4ten in der Natur, nehmen Sie an vorbereiteten Ausfl\u00fcgen teil oder machen Sie lange Spazierg\u00e4nge, bei denen Sie sich entspannen k\u00f6nnen. Etwa 1 Stunde mit dem Auto entfernt erwartet Sie das Tirino-Tal zum Kanu- und Kajakfahren und&hellip; fiordigigli proposte gran sasso abruzzo weiterlesen","og_url":"https:\/\/fiordigigli.com\/de\/fiordigigli-proposte-gran-sasso-abruzzo\/","og_site_name":"Hotel Fiordigigli Gran Sasso","article_modified_time":"2022-08-19T16:56:45+00:00","twitter_card":"summary_large_image","twitter_misc":{"Gesch\u00e4tzte Lesezeit":"1\u00a0Minute"},"schema":{"@context":"https:\/\/schema.org","@graph":[{"@type":"WebPage","@id":"https:\/\/fiordigigli.com\/de\/fiordigigli-proposte-gran-sasso-abruzzo\/","url":"https:\/\/fiordigigli.com\/de\/fiordigigli-proposte-gran-sasso-abruzzo\/","name":"fiordigigli proposte gran sasso abruzzo - Hotel Fiordigigli Gran Sasso","isPartOf":{"@id":"https:\/\/fiordigigli.com\/#website"},"datePublished":"2022-02-18T10:18:29+00:00","dateModified":"2022-08-19T16:56:45+00:00","inLanguage":"de","potentialAction":[{"@type":"ReadAction","target":["https:\/\/fiordigigli.com\/de\/fiordigigli-proposte-gran-sasso-abruzzo\/"]}]},{"@type":"WebSite","@id":"https:\/\/fiordigigli.com\/#website","url":"https:\/\/fiordigigli.com\/","name":"Hotel Fiordigigli Gran Sasso","description":"Camere, ristorante tipico e casereccio, noleggio attrezzatura, acqiusto skipass e funivia","potentialAction":[{"@type":"SearchAction","target":{"@type":"EntryPoint","urlTemplate":"https:\/\/fiordigigli.com\/?s={search_term_string}"},"query-input":"required name=search_term_string"}],"inLanguage":"de"}]}},"_links":{"self":[{"href":"https:\/\/fiordigigli.com\/de\/wp-json\/wp\/v2\/pages\/630","targetHints":{"allow":["GET"]}}],"collection":[{"href":"https:\/\/fiordigigli.com\/de\/wp-json\/wp\/v2\/pages"}],"about":[{"href":"https:\/\/fiordigigli.com\/de\/wp-json\/wp\/v2\/types\/page"}],"author":[{"embeddable":true,"href":"https:\/\/fiordigigli.com\/de\/wp-json\/wp\/v2\/users\/1"}],"replies":[{"embeddable":true,"href":"https:\/\/fiordigigli.com\/de\/wp-json\/wp\/v2\/comments?post=630"}],"version-history":[{"count":6,"href":"https:\/\/fiordigigli.com\/de\/wp-json\/wp\/v2\/pages\/630\/revisions"}],"predecessor-version":[{"id":1397,"href":"https:\/\/fiordigigli.com\/de\/wp-json\/wp\/v2\/pages\/630\/revisions\/1397"}],"wp:attachment":[{"href":"https:\/\/fiordigigli.com\/de\/wp-json\/wp\/v2\/media?parent=630"}],"curies":[{"name":"wp","href":"https:\/\/api.w.org\/{rel}","templated":true}]}}