{"id":628,"date":"2022-02-18T11:01:01","date_gmt":"2022-02-18T10:01:01","guid":{"rendered":"https:\/\/fiordigigli.com\/fiordigigli-hotel-gran-sasso-abruzzo\/"},"modified":"2022-03-21T13:10:39","modified_gmt":"2022-03-21T12:10:39","slug":"fiordigigli-hotel-gran-sasso-abruzzo","status":"publish","type":"page","link":"https:\/\/fiordigigli.com\/de\/fiordigigli-hotel-gran-sasso-abruzzo\/","title":{"rendered":"fiordigigli hotel gran sasso abruzzo"},"content":{"rendered":"<p>[vc_row css=&#8220;.vc_custom_1645115267308{margin-top: -165px !important;margin-bottom: -50px !important;padding-top: 50px !important;padding-bottom: 50px !important;background-image: url(https:\/\/fiordigigli.com\/wp-content\/uploads\/background.jpeg?id=39) !important;}&#8220;][vc_column][vc_column_text]<\/p>\n<p style=\"font-size: 31px; line-height: 23px; color: #00716d; letter-spacing: 0px; font-weight: 100 !important; text-align: center; width: 80%; margin: 0 auto; display: block; font-family: 'Overlock'; word-spacing: -2px; font-style: italic; margin-bottom: -15px; margin-top: 49px !important;\">F\u00fcr die die Berge lieben.<\/p>\n<p>[\/vc_column_text][vc_column_text]<\/p>\n<p style=\"font-size: 17px; line-height: 25px; color: #00716d; letter-spacing: 0px; font-weight: 100 !important; text-align: center; max-width: 700px; margin: 0 auto; display: block; font-family: 'Overlock';\">Sechzig Zimmer inmitten der unber\u00fchrten Natur des Gran Sasso. In einer vollst\u00e4ndig erdbebensicheren Struktur, mit einem Restaurant im Hotel und seit 1974 von derselben Eigenschaft gef\u00fchrt, nur wenige Schritte von der Seilbahnstation entfernt, ausgestattet mit Skiverleih im Hotel, Vereinbarung f\u00fcr die Ausgabe von Skip\u00e4ssen und f\u00fcr die Fahrkartenschalter der Seilbahn ist das Fiordigigli der ideale Ort f\u00fcr Bergliebhaber, im Sommer wie im Winter.<\/p>\n<p>[\/vc_column_text][vc_video link=&#8220;https:\/\/www.youtube.com\/watch?v=e3sRXV4J8aA&#8220; el_class=&#8220;videoSet&#8220;][vc_column_text]<\/p>\n<p style=\"font-size: 20px; line-height: 23px; color: #00716d; letter-spacing: 0px; font-weight: 100 !important; text-align: center; width: 80%; margin: 0 auto; display: block; font-family: 'Overlock'; word-spacing: -2px; font-style: italic; margin-bottom: 5px; margin-top: 29px !important;\">Ihre Erfahrung mit Liebe zum Detail.<\/p>\n<p>[\/vc_column_text][vc_basic_grid post_type=&#8220;post&#8220; max_items=&#8220;-1&#8243; item=&#8220;92&#8243; grid_id=&#8220;vc_gid:1647863678258-fe4b61dc-009e-5&#8243; taxonomies=&#8220;9&#8243; css=&#8220;.vc_custom_1645118174844{margin-top: -45px !important;padding-right: 30px !important;padding-left: 30px !important;}&#8220;][vc_column_text]<\/p>\n<p style=\"font-size: 20px; line-height: 28px; color: #00716d; letter-spacing: 0px; font-weight: 100 !important; text-align: center; width: 80%; margin: 0 auto; display: block; font-family: 'Overlock'; word-spacing: -2px; font-style: italic; margin-bottom: 5px; margin-top: 29px !important; max-width: 70vw;\">Entdecken Sie das Fiordigigli <strong>Hotel und Restaurant<\/strong> seit 1974<\/p>\n<p>[\/vc_column_text][vc_masonry_grid post_type=&#8220;attachment&#8220; max_items=&#8220;-1&#8243; style=&#8220;lazy&#8220; items_per_page=&#8220;24&#8243; gap=&#8220;3&#8243; item=&#8220;109&#8243; grid_id=&#8220;vc_gid:1647863678259-e2bda01b-8530-7&#8243; taxonomies=&#8220;17&#8243; css=&#8220;.vc_custom_1645184652365{padding-right: 50px !important;padding-left: 50px !important;}&#8220;][vc_btn title=&#8220;\u00d6ffnen Sie die Galerie&#8220; color=&#8220;green&#8220; align=&#8220;center&#8220; link=&#8220;url:%2Ffiordigigli-gallery-gran-sasso-abruzzo|||&#8220;][\/vc_column][\/vc_row][vc_row css=&#8220;.vc_custom_1645115267308{margin-top: -165px !important;margin-bottom: -50px !important;padding-top: 50px !important;padding-bottom: 50px !important;background-image: url(https:\/\/fiordigigli.com\/wp-content\/uploads\/background.jpeg?id=39) !important;}&#8220;][vc_column][\/vc_column][\/vc_row]<\/p>\n","protected":false},"excerpt":{"rendered":"<p>[vc_row css=&#8220;.vc_custom_1645115267308{margin-top: -165px !important;margin-bottom: -50px !important;padding-top: 50px !important;padding-bottom: 50px !important;background-image: url(https:\/\/fiordigigli.com\/wp-content\/uploads\/background.jpeg?id=39) !important;}&#8220;][vc_column][vc_column_text] F\u00fcr die die Berge lieben. [\/vc_column_text][vc_column_text] Sechzig Zimmer inmitten der unber\u00fchrten Natur des Gran Sasso. In einer vollst\u00e4ndig erdbebensicheren Struktur, mit einem Restaurant im Hotel und seit 1974 von derselben Eigenschaft gef\u00fchrt, nur wenige Schritte von der Seilbahnstation entfernt, ausgestattet mit Skiverleih im&hellip; <a class=\"more-link\" href=\"https:\/\/fiordigigli.com\/de\/fiordigigli-hotel-gran-sasso-abruzzo\/\"><span class=\"screen-reader-text\">fiordigigli hotel gran sasso abruzzo<\/span> weiterlesen<\/a><\/p>\n","protected":false},"author":1,"featured_media":0,"parent":0,"menu_order":0,"comment_status":"closed","ping_status":"closed","template":"","meta":{"footnotes":""},"class_list":["post-628","page","type-page","status-publish","hentry","entry"],"yoast_head":"<!-- This site is optimized with the Yoast SEO plugin v21.8 - https:\/\/yoast.com\/wordpress\/plugins\/seo\/ -->\n<title>fiordigigli hotel gran sasso abruzzo - Hotel Fiordigigli Gran Sasso<\/title>\n<meta name=\"robots\" content=\"index, follow, max-snippet:-1, max-image-preview:large, max-video-preview:-1\" \/>\n<link rel=\"canonical\" href=\"https:\/\/fiordigigli.com\/de\/fiordigigli-hotel-gran-sasso-abruzzo\/\" \/>\n<meta property=\"og:locale\" content=\"de_DE\" \/>\n<meta property=\"og:type\" content=\"article\" \/>\n<meta property=\"og:title\" content=\"fiordigigli hotel gran sasso abruzzo - Hotel Fiordigigli Gran Sasso\" \/>\n<meta property=\"og:description\" content=\"[vc_row css=&#8220;.vc_custom_1645115267308{margin-top: -165px !important;margin-bottom: -50px !important;padding-top: 50px !important;padding-bottom: 50px !important;background-image: url(https:\/\/fiordigigli.com\/wp-content\/uploads\/background.jpeg?id=39) !important;}&#8220;][vc_column][vc_column_text] F\u00fcr die die Berge lieben. [\/vc_column_text][vc_column_text] Sechzig Zimmer inmitten der unber\u00fchrten Natur des Gran Sasso. In einer vollst\u00e4ndig erdbebensicheren Struktur, mit einem Restaurant im Hotel und seit 1974 von derselben Eigenschaft gef\u00fchrt, nur wenige Schritte von der Seilbahnstation entfernt, ausgestattet mit Skiverleih im&hellip; fiordigigli hotel gran sasso abruzzo weiterlesen\" \/>\n<meta property=\"og:url\" content=\"https:\/\/fiordigigli.com\/de\/fiordigigli-hotel-gran-sasso-abruzzo\/\" \/>\n<meta property=\"og:site_name\" content=\"Hotel Fiordigigli Gran Sasso\" \/>\n<meta property=\"article:modified_time\" content=\"2022-03-21T12:10:39+00:00\" \/>\n<meta name=\"twitter:card\" content=\"summary_large_image\" \/>\n<meta name=\"twitter:label1\" content=\"Gesch\u00e4tzte Lesezeit\" \/>\n\t<meta name=\"twitter:data1\" content=\"1\u00a0Minute\" \/>\n<script type=\"application\/ld+json\" class=\"yoast-schema-graph\">{\"@context\":\"https:\/\/schema.org\",\"@graph\":[{\"@type\":\"WebPage\",\"@id\":\"https:\/\/fiordigigli.com\/de\/fiordigigli-hotel-gran-sasso-abruzzo\/\",\"url\":\"https:\/\/fiordigigli.com\/de\/fiordigigli-hotel-gran-sasso-abruzzo\/\",\"name\":\"fiordigigli hotel gran sasso abruzzo - Hotel Fiordigigli Gran Sasso\",\"isPartOf\":{\"@id\":\"https:\/\/fiordigigli.com\/#website\"},\"datePublished\":\"2022-02-18T10:01:01+00:00\",\"dateModified\":\"2022-03-21T12:10:39+00:00\",\"inLanguage\":\"de\",\"potentialAction\":[{\"@type\":\"ReadAction\",\"target\":[\"https:\/\/fiordigigli.com\/de\/fiordigigli-hotel-gran-sasso-abruzzo\/\"]}]},{\"@type\":\"WebSite\",\"@id\":\"https:\/\/fiordigigli.com\/#website\",\"url\":\"https:\/\/fiordigigli.com\/\",\"name\":\"Hotel Fiordigigli Gran Sasso\",\"description\":\"Camere, ristorante tipico e casereccio, noleggio attrezzatura, acqiusto skipass e funivia\",\"potentialAction\":[{\"@type\":\"SearchAction\",\"target\":{\"@type\":\"EntryPoint\",\"urlTemplate\":\"https:\/\/fiordigigli.com\/?s={search_term_string}\"},\"query-input\":\"required name=search_term_string\"}],\"inLanguage\":\"de\"}]}<\/script>\n<!-- \/ Yoast SEO plugin. -->","yoast_head_json":{"title":"fiordigigli hotel gran sasso abruzzo - Hotel Fiordigigli Gran Sasso","robots":{"index":"index","follow":"follow","max-snippet":"max-snippet:-1","max-image-preview":"max-image-preview:large","max-video-preview":"max-video-preview:-1"},"canonical":"https:\/\/fiordigigli.com\/de\/fiordigigli-hotel-gran-sasso-abruzzo\/","og_locale":"de_DE","og_type":"article","og_title":"fiordigigli hotel gran sasso abruzzo - Hotel Fiordigigli Gran Sasso","og_description":"[vc_row css=&#8220;.vc_custom_1645115267308{margin-top: -165px !important;margin-bottom: -50px !important;padding-top: 50px !important;padding-bottom: 50px !important;background-image: url(https:\/\/fiordigigli.com\/wp-content\/uploads\/background.jpeg?id=39) !important;}&#8220;][vc_column][vc_column_text] F\u00fcr die die Berge lieben. [\/vc_column_text][vc_column_text] Sechzig Zimmer inmitten der unber\u00fchrten Natur des Gran Sasso. In einer vollst\u00e4ndig erdbebensicheren Struktur, mit einem Restaurant im Hotel und seit 1974 von derselben Eigenschaft gef\u00fchrt, nur wenige Schritte von der Seilbahnstation entfernt, ausgestattet mit Skiverleih im&hellip; fiordigigli hotel gran sasso abruzzo weiterlesen","og_url":"https:\/\/fiordigigli.com\/de\/fiordigigli-hotel-gran-sasso-abruzzo\/","og_site_name":"Hotel Fiordigigli Gran Sasso","article_modified_time":"2022-03-21T12:10:39+00:00","twitter_card":"summary_large_image","twitter_misc":{"Gesch\u00e4tzte Lesezeit":"1\u00a0Minute"},"schema":{"@context":"https:\/\/schema.org","@graph":[{"@type":"WebPage","@id":"https:\/\/fiordigigli.com\/de\/fiordigigli-hotel-gran-sasso-abruzzo\/","url":"https:\/\/fiordigigli.com\/de\/fiordigigli-hotel-gran-sasso-abruzzo\/","name":"fiordigigli hotel gran sasso abruzzo - Hotel Fiordigigli Gran Sasso","isPartOf":{"@id":"https:\/\/fiordigigli.com\/#website"},"datePublished":"2022-02-18T10:01:01+00:00","dateModified":"2022-03-21T12:10:39+00:00","inLanguage":"de","potentialAction":[{"@type":"ReadAction","target":["https:\/\/fiordigigli.com\/de\/fiordigigli-hotel-gran-sasso-abruzzo\/"]}]},{"@type":"WebSite","@id":"https:\/\/fiordigigli.com\/#website","url":"https:\/\/fiordigigli.com\/","name":"Hotel Fiordigigli Gran Sasso","description":"Camere, ristorante tipico e casereccio, noleggio attrezzatura, acqiusto skipass e funivia","potentialAction":[{"@type":"SearchAction","target":{"@type":"EntryPoint","urlTemplate":"https:\/\/fiordigigli.com\/?s={search_term_string}"},"query-input":"required name=search_term_string"}],"inLanguage":"de"}]}},"_links":{"self":[{"href":"https:\/\/fiordigigli.com\/de\/wp-json\/wp\/v2\/pages\/628","targetHints":{"allow":["GET"]}}],"collection":[{"href":"https:\/\/fiordigigli.com\/de\/wp-json\/wp\/v2\/pages"}],"about":[{"href":"https:\/\/fiordigigli.com\/de\/wp-json\/wp\/v2\/types\/page"}],"author":[{"embeddable":true,"href":"https:\/\/fiordigigli.com\/de\/wp-json\/wp\/v2\/users\/1"}],"replies":[{"embeddable":true,"href":"https:\/\/fiordigigli.com\/de\/wp-json\/wp\/v2\/comments?post=628"}],"version-history":[{"count":4,"href":"https:\/\/fiordigigli.com\/de\/wp-json\/wp\/v2\/pages\/628\/revisions"}],"predecessor-version":[{"id":758,"href":"https:\/\/fiordigigli.com\/de\/wp-json\/wp\/v2\/pages\/628\/revisions\/758"}],"wp:attachment":[{"href":"https:\/\/fiordigigli.com\/de\/wp-json\/wp\/v2\/media?parent=628"}],"curies":[{"name":"wp","href":"https:\/\/api.w.org\/{rel}","templated":true}]}}