{"id":626,"date":"2022-02-18T12:35:34","date_gmt":"2022-02-18T11:35:34","guid":{"rendered":"https:\/\/fiordigigli.com\/fiordigigli-gallery-gran-sasso-abruzzo\/"},"modified":"2022-03-21T13:22:45","modified_gmt":"2022-03-21T12:22:45","slug":"fiordigigli-gallery-gran-sasso-abruzzo","status":"publish","type":"page","link":"https:\/\/fiordigigli.com\/de\/fiordigigli-gallery-gran-sasso-abruzzo\/","title":{"rendered":"fiordigigli gallery gran sasso abruzzo"},"content":{"rendered":"<p>[vc_row css=&#8220;.vc_custom_1645115267308{margin-top: -165px !important;margin-bottom: -50px !important;padding-top: 50px !important;padding-bottom: 50px !important;background-image: url(https:\/\/fiordigigli.com\/wp-content\/uploads\/background.jpeg?id=39) !important;}&#8220;][vc_column][vc_column_text]<\/p>\n<p style=\"font-size: 31px; line-height: 32px; color: #00716d; letter-spacing: 0px; font-weight: 100 !important; text-align: center; width: 80%; margin: 0 auto; display: block; font-family: 'Overlock'; word-spacing: -2px; font-style: italic; margin-bottom: -15px; margin-top: 49px !important; max-width: 60vw;\">Dies ist nur ein Vorgeschmack!<\/p>\n<p>[\/vc_column_text][vc_column_text]<\/p>\n<p style=\"font-size: 17px; line-height: 25px; color: #00716d; letter-spacing: 0px; font-weight: 100 !important; text-align: center; max-width: 700px; margin: 0 auto; display: block; font-family: 'Overlock';\">Es ist nicht m\u00f6glich, die D\u00fcfte zu beschreiben, und kein noch so ausgekl\u00fcgelter Ausr\u00fcstung kann zeigen, wie intensiv der blaue Himmel von hier aus zu sehen ist. Die W\u00e4rme unseres Kamins, der Empfang, die Freundlichkeit, ein Gespr\u00e4ch und das L\u00e4cheln k\u00f6nnen nicht in einem Video beschrieben werden. Kannst du nat\u00fcrlich nicht &#8230; aber wir wollen dir trotzdem einen Vorgeschmack geben!<\/p>\n<p>[\/vc_column_text][vc_column_text]<\/p>\n<p style=\"font-size: 20px; line-height: 27px; color: #00716d; letter-spacing: 0px; font-weight: 100 !important; text-align: center; width: 80%; margin: 0 auto; display: block; font-family: 'Overlock'; word-spacing: -2px; font-style: italic; margin-bottom: 5px; margin-top: 29px !important; max-width: 60vw;\">Ein St\u00fcckchen Paradies <strong>auf 1000m H\u00f6he<\/strong><\/p>\n<p>[\/vc_column_text][vc_masonry_grid post_type=&#8220;attachment&#8220; max_items=&#8220;-1&#8243; style=&#8220;lazy&#8220; items_per_page=&#8220;24&#8243; show_filter=&#8220;yes&#8220; gap=&#8220;3&#8243; item=&#8220;109&#8243; grid_id=&#8220;vc_gid:1647864984966-15bc2008-81e4-7&#8243; taxonomies=&#8220;11, 12, 14, 13, 15, 16&#8243; filter_source=&#8220;category&#8220; css=&#8220;.vc_custom_1646407088739{padding-right: 50px !important;padding-left: 50px !important;}&#8220; exclude_filter=&#8220;18, 17, 35, 10, 9&#8243;][vc_column_text]<\/p>\n<p style=\"font-size: 31px; line-height: 23px; color: #00716d; letter-spacing: 0px; font-weight: 100 !important; text-align: center; width: 80%; margin: 0 auto; display: block; font-family: 'Overlock'; word-spacing: -2px; font-style: italic; margin-bottom: -15px; margin-top: 49px !important;\">Direkt von unserem <strong>YouTube-Kanal<\/strong><\/p>\n<p>[\/vc_column_text][vc_column_text css=&#8220;.vc_custom_1645195444474{padding-right: 50px !important;padding-left: 50px !important;}&#8220;]<div class=\"epyt-gallery\" data-currpage=\"1\" id=\"epyt_gallery_67493\"><figure class=\"wp-block-embed wp-block-embed-youtube is-type-video is-provider-youtube epyt-figure\"><div class=\"wp-block-embed__wrapper\"><iframe loading=\"lazy\"  id=\"_ytid_74991\"  width=\"750\" height=\"421\"  data-origwidth=\"750\" data-origheight=\"421\" src=\"https:\/\/www.youtube.com\/embed\/e3sRXV4J8aA?enablejsapi=1&autoplay=0&cc_load_policy=0&cc_lang_pref=&iv_load_policy=1&loop=0&modestbranding=0&rel=1&fs=1&playsinline=0&autohide=2&theme=dark&color=red&controls=1&\" class=\"__youtube_prefs__  no-lazyload\" title=\"YouTube player\"  data-epytgalleryid=\"epyt_gallery_67493\"  allow=\"fullscreen; accelerometer; autoplay; clipboard-write; encrypted-media; gyroscope; picture-in-picture\" allowfullscreen data-no-lazy=\"1\" data-skipgform_ajax_framebjll=\"\"><\/iframe><\/div><\/figure><div class=\"epyt-gallery-list\"><div class=\"epyt-pagination \"><div tabindex=\"0\" role=\"button\" class=\"epyt-pagebutton epyt-prev  hide \" data-playlistid=\"UUxIT9JcdeAZLIAS29D0Bqkg\" data-pagesize=\"18\" data-pagetoken=\"\" data-epcolumns=\"6\" data-showtitle=\"1\" data-showpaging=\"1\" data-autonext=\"0\" data-thumbplay=\"1\"><div class=\"epyt-arrow\">&laquo;<\/div> <div>Prev<\/div><\/div><div class=\"epyt-pagenumbers hide\"><div class=\"epyt-current\">1<\/div><div class=\"epyt-pageseparator\"> \/ <\/div><div class=\"epyt-totalpages\">1<\/div><\/div><div tabindex=\"0\" role=\"button\" class=\"epyt-pagebutton epyt-next hide \" data-playlistid=\"UUxIT9JcdeAZLIAS29D0Bqkg\" data-pagesize=\"18\" data-pagetoken=\"\" data-epcolumns=\"6\" data-showtitle=\"1\" data-showpaging=\"1\" data-autonext=\"0\" data-thumbplay=\"1\"><div>Next<\/div> <div class=\"epyt-arrow\">&raquo;<\/div><\/div><div class=\"epyt-loader\"><img loading=\"lazy\" decoding=\"async\" alt=\"loading\" width=\"16\" height=\"11\" src=\"https:\/\/fiordigigli.com\/wp-content\/plugins\/youtube-embed-plus\/images\/gallery-page-loader.gif\"><\/div><\/div><div class=\"epyt-gallery-allthumbs  epyt-cols-6 \"><div tabindex=\"0\" role=\"button\" data-videoid=\"e3sRXV4J8aA\" class=\"epyt-gallery-thumb\"><div class=\"epyt-gallery-img-box\"><div class=\"epyt-gallery-img\" style=\"background-image: url(https:\/\/i.ytimg.com\/vi\/e3sRXV4J8aA\/hqdefault.jpg)\"><div class=\"epyt-gallery-playhover\"><img loading=\"lazy\" decoding=\"async\" alt=\"play\" class=\"epyt-play-img\" width=\"30\" height=\"23\" src=\"https:\/\/fiordigigli.com\/wp-content\/plugins\/youtube-embed-plus\/images\/playhover.png\" data-no-lazy=\"1\" data-skipgform_ajax_framebjll=\"\" \/><div class=\"epyt-gallery-playcrutch\"><\/div><\/div><\/div><\/div><div class=\"epyt-gallery-title\">Fiordigigli2022<\/div><\/div><div tabindex=\"0\" role=\"button\" data-videoid=\"ZCStDgOnUNM\" class=\"epyt-gallery-thumb\"><div class=\"epyt-gallery-img-box\"><div class=\"epyt-gallery-img\" style=\"background-image: url(https:\/\/i.ytimg.com\/vi\/ZCStDgOnUNM\/hqdefault.jpg)\"><div class=\"epyt-gallery-playhover\"><img loading=\"lazy\" decoding=\"async\" alt=\"play\" class=\"epyt-play-img\" width=\"30\" height=\"23\" src=\"https:\/\/fiordigigli.com\/wp-content\/plugins\/youtube-embed-plus\/images\/playhover.png\" data-no-lazy=\"1\" data-skipgform_ajax_framebjll=\"\" \/><div class=\"epyt-gallery-playcrutch\"><\/div><\/div><\/div><\/div><div class=\"epyt-gallery-title\">Dolci Fiordigigli<\/div><\/div><div tabindex=\"0\" role=\"button\" data-videoid=\"vW91Fb0hWA8\" class=\"epyt-gallery-thumb\"><div class=\"epyt-gallery-img-box\"><div class=\"epyt-gallery-img\" style=\"background-image: url(https:\/\/i.ytimg.com\/vi\/vW91Fb0hWA8\/hqdefault.jpg)\"><div class=\"epyt-gallery-playhover\"><img loading=\"lazy\" decoding=\"async\" alt=\"play\" class=\"epyt-play-img\" width=\"30\" height=\"23\" src=\"https:\/\/fiordigigli.com\/wp-content\/plugins\/youtube-embed-plus\/images\/playhover.png\" data-no-lazy=\"1\" data-skipgform_ajax_framebjll=\"\" \/><div class=\"epyt-gallery-playcrutch\"><\/div><\/div><\/div><\/div><div class=\"epyt-gallery-title\">Crostata del Fiordigigli<\/div><\/div><div tabindex=\"0\" role=\"button\" data-videoid=\"Ooxox8_7L5A\" class=\"epyt-gallery-thumb\"><div class=\"epyt-gallery-img-box\"><div class=\"epyt-gallery-img\" style=\"background-image: url(https:\/\/i.ytimg.com\/vi\/Ooxox8_7L5A\/hqdefault.jpg)\"><div class=\"epyt-gallery-playhover\"><img loading=\"lazy\" decoding=\"async\" alt=\"play\" class=\"epyt-play-img\" width=\"30\" height=\"23\" src=\"https:\/\/fiordigigli.com\/wp-content\/plugins\/youtube-embed-plus\/images\/playhover.png\" data-no-lazy=\"1\" data-skipgform_ajax_framebjll=\"\" \/><div class=\"epyt-gallery-playcrutch\"><\/div><\/div><\/div><\/div><div class=\"epyt-gallery-title\">Plum cake del Fiordigigli<\/div><\/div><div tabindex=\"0\" role=\"button\" data-videoid=\"HdzGzsyhKdM\" class=\"epyt-gallery-thumb\"><div class=\"epyt-gallery-img-box\"><div class=\"epyt-gallery-img\" style=\"background-image: url(https:\/\/i.ytimg.com\/vi\/HdzGzsyhKdM\/hqdefault.jpg)\"><div class=\"epyt-gallery-playhover\"><img loading=\"lazy\" decoding=\"async\" alt=\"play\" class=\"epyt-play-img\" width=\"30\" height=\"23\" src=\"https:\/\/fiordigigli.com\/wp-content\/plugins\/youtube-embed-plus\/images\/playhover.png\" data-no-lazy=\"1\" data-skipgform_ajax_framebjll=\"\" \/><div class=\"epyt-gallery-playcrutch\"><\/div><\/div><\/div><\/div><div class=\"epyt-gallery-title\">Verso i monti<\/div><\/div><div tabindex=\"0\" role=\"button\" data-videoid=\"s12lheWRHd0\" class=\"epyt-gallery-thumb\"><div class=\"epyt-gallery-img-box\"><div class=\"epyt-gallery-img\" style=\"background-image: url(https:\/\/i.ytimg.com\/vi\/s12lheWRHd0\/hqdefault.jpg)\"><div class=\"epyt-gallery-playhover\"><img loading=\"lazy\" decoding=\"async\" alt=\"play\" class=\"epyt-play-img\" width=\"30\" height=\"23\" src=\"https:\/\/fiordigigli.com\/wp-content\/plugins\/youtube-embed-plus\/images\/playhover.png\" data-no-lazy=\"1\" data-skipgform_ajax_framebjll=\"\" \/><div class=\"epyt-gallery-playcrutch\"><\/div><\/div><\/div><\/div><div class=\"epyt-gallery-title\">Video-poesia per il Gran Sasso<\/div><\/div><div class=\"epyt-gallery-rowbreak\"><\/div><div tabindex=\"0\" role=\"button\" data-videoid=\"yyOD9UJ_yA8\" class=\"epyt-gallery-thumb\"><div class=\"epyt-gallery-img-box\"><div class=\"epyt-gallery-img\" style=\"background-image: url(https:\/\/i.ytimg.com\/vi\/yyOD9UJ_yA8\/hqdefault.jpg)\"><div class=\"epyt-gallery-playhover\"><img loading=\"lazy\" decoding=\"async\" alt=\"play\" class=\"epyt-play-img\" width=\"30\" height=\"23\" src=\"https:\/\/fiordigigli.com\/wp-content\/plugins\/youtube-embed-plus\/images\/playhover.png\" data-no-lazy=\"1\" data-skipgform_ajax_framebjll=\"\" \/><div class=\"epyt-gallery-playcrutch\"><\/div><\/div><\/div><\/div><div class=\"epyt-gallery-title\">Nolo sci - Fiordigigli<\/div><\/div><div tabindex=\"0\" role=\"button\" data-videoid=\"VK9gnDQVeuY\" class=\"epyt-gallery-thumb\"><div class=\"epyt-gallery-img-box\"><div class=\"epyt-gallery-img\" style=\"background-image: url(https:\/\/i.ytimg.com\/vi\/VK9gnDQVeuY\/hqdefault.jpg)\"><div class=\"epyt-gallery-playhover\"><img loading=\"lazy\" decoding=\"async\" alt=\"play\" class=\"epyt-play-img\" width=\"30\" height=\"23\" src=\"https:\/\/fiordigigli.com\/wp-content\/plugins\/youtube-embed-plus\/images\/playhover.png\" data-no-lazy=\"1\" data-skipgform_ajax_framebjll=\"\" \/><div class=\"epyt-gallery-playcrutch\"><\/div><\/div><\/div><\/div><div class=\"epyt-gallery-title\">Campo Imperatore la mattina<\/div><\/div><div tabindex=\"0\" role=\"button\" data-videoid=\"SGk8X3sLwTQ\" class=\"epyt-gallery-thumb\"><div class=\"epyt-gallery-img-box\"><div class=\"epyt-gallery-img\" style=\"background-image: url(https:\/\/i.ytimg.com\/vi\/SGk8X3sLwTQ\/hqdefault.jpg)\"><div class=\"epyt-gallery-playhover\"><img loading=\"lazy\" decoding=\"async\" alt=\"play\" class=\"epyt-play-img\" width=\"30\" height=\"23\" src=\"https:\/\/fiordigigli.com\/wp-content\/plugins\/youtube-embed-plus\/images\/playhover.png\" data-no-lazy=\"1\" data-skipgform_ajax_framebjll=\"\" \/><div class=\"epyt-gallery-playcrutch\"><\/div><\/div><\/div><\/div><div class=\"epyt-gallery-title\">Ci siamo<\/div><\/div><div tabindex=\"0\" role=\"button\" data-videoid=\"jcMXYrWs78M\" class=\"epyt-gallery-thumb\"><div class=\"epyt-gallery-img-box\"><div class=\"epyt-gallery-img\" style=\"background-image: url(https:\/\/i.ytimg.com\/vi\/jcMXYrWs78M\/hqdefault.jpg)\"><div class=\"epyt-gallery-playhover\"><img loading=\"lazy\" decoding=\"async\" alt=\"play\" class=\"epyt-play-img\" width=\"30\" height=\"23\" src=\"https:\/\/fiordigigli.com\/wp-content\/plugins\/youtube-embed-plus\/images\/playhover.png\" data-no-lazy=\"1\" data-skipgform_ajax_framebjll=\"\" \/><div class=\"epyt-gallery-playcrutch\"><\/div><\/div><\/div><\/div><div class=\"epyt-gallery-title\">Ciaspole - Gran Sasso Experience<\/div><\/div><div tabindex=\"0\" role=\"button\" data-videoid=\"wShnG0JkWHc\" class=\"epyt-gallery-thumb\"><div class=\"epyt-gallery-img-box\"><div class=\"epyt-gallery-img\" style=\"background-image: url(https:\/\/i.ytimg.com\/vi\/wShnG0JkWHc\/hqdefault.jpg)\"><div class=\"epyt-gallery-playhover\"><img loading=\"lazy\" decoding=\"async\" alt=\"play\" class=\"epyt-play-img\" width=\"30\" height=\"23\" src=\"https:\/\/fiordigigli.com\/wp-content\/plugins\/youtube-embed-plus\/images\/playhover.png\" data-no-lazy=\"1\" data-skipgform_ajax_framebjll=\"\" \/><div class=\"epyt-gallery-playcrutch\"><\/div><\/div><\/div><\/div><div class=\"epyt-gallery-title\">Itinerari in moto -Gran Sasso<\/div><\/div><div tabindex=\"0\" role=\"button\" data-videoid=\"yibutXN9UtU\" class=\"epyt-gallery-thumb\"><div class=\"epyt-gallery-img-box\"><div class=\"epyt-gallery-img\" style=\"background-image: url(https:\/\/i.ytimg.com\/vi\/yibutXN9UtU\/hqdefault.jpg)\"><div class=\"epyt-gallery-playhover\"><img loading=\"lazy\" decoding=\"async\" alt=\"play\" class=\"epyt-play-img\" width=\"30\" height=\"23\" src=\"https:\/\/fiordigigli.com\/wp-content\/plugins\/youtube-embed-plus\/images\/playhover.png\" data-no-lazy=\"1\" data-skipgform_ajax_framebjll=\"\" \/><div class=\"epyt-gallery-playcrutch\"><\/div><\/div><\/div><\/div><div class=\"epyt-gallery-title\">Per la tua festa scegli la tua montagna: il Gran Sasso -Fiordigigli<\/div><\/div><div class=\"epyt-gallery-rowbreak\"><\/div><div tabindex=\"0\" role=\"button\" data-videoid=\"hv_34EYX-7g\" class=\"epyt-gallery-thumb\"><div class=\"epyt-gallery-img-box\"><div class=\"epyt-gallery-img\" style=\"background-image: url(https:\/\/i.ytimg.com\/vi\/hv_34EYX-7g\/hqdefault.jpg)\"><div class=\"epyt-gallery-playhover\"><img loading=\"lazy\" decoding=\"async\" alt=\"play\" class=\"epyt-play-img\" width=\"30\" height=\"23\" src=\"https:\/\/fiordigigli.com\/wp-content\/plugins\/youtube-embed-plus\/images\/playhover.png\" data-no-lazy=\"1\" data-skipgform_ajax_framebjll=\"\" \/><div class=\"epyt-gallery-playcrutch\"><\/div><\/div><\/div><\/div><div class=\"epyt-gallery-title\">Primavera del Gran Sasso - Fiordigigli<\/div><\/div><div tabindex=\"0\" role=\"button\" data-videoid=\"5qrcmUk-jxA\" class=\"epyt-gallery-thumb\"><div class=\"epyt-gallery-img-box\"><div class=\"epyt-gallery-img\" style=\"background-image: url(https:\/\/i.ytimg.com\/vi\/5qrcmUk-jxA\/hqdefault.jpg)\"><div class=\"epyt-gallery-playhover\"><img loading=\"lazy\" decoding=\"async\" alt=\"play\" class=\"epyt-play-img\" width=\"30\" height=\"23\" src=\"https:\/\/fiordigigli.com\/wp-content\/plugins\/youtube-embed-plus\/images\/playhover.png\" data-no-lazy=\"1\" data-skipgform_ajax_framebjll=\"\" \/><div class=\"epyt-gallery-playcrutch\"><\/div><\/div><\/div><\/div><div class=\"epyt-gallery-title\">per la tua festa scegli la tua montagna: il Gran Sasso - Fiordigigli<\/div><\/div><div tabindex=\"0\" role=\"button\" data-videoid=\"VOSh_i3Stjs\" class=\"epyt-gallery-thumb\"><div class=\"epyt-gallery-img-box\"><div class=\"epyt-gallery-img\" style=\"background-image: url(https:\/\/i.ytimg.com\/vi\/VOSh_i3Stjs\/hqdefault.jpg)\"><div class=\"epyt-gallery-playhover\"><img loading=\"lazy\" decoding=\"async\" alt=\"play\" class=\"epyt-play-img\" width=\"30\" height=\"23\" src=\"https:\/\/fiordigigli.com\/wp-content\/plugins\/youtube-embed-plus\/images\/playhover.png\" data-no-lazy=\"1\" data-skipgform_ajax_framebjll=\"\" \/><div class=\"epyt-gallery-playcrutch\"><\/div><\/div><\/div><\/div><div class=\"epyt-gallery-title\">Hotel Fiordigigli Moto Gran Sasso<\/div><\/div><div class=\"epyt-gallery-clear\"><\/div><\/div><div class=\"epyt-pagination \"><div tabindex=\"0\" role=\"button\" class=\"epyt-pagebutton epyt-prev  hide \" data-playlistid=\"UUxIT9JcdeAZLIAS29D0Bqkg\" data-pagesize=\"18\" data-pagetoken=\"\" data-epcolumns=\"6\" data-showtitle=\"1\" data-showpaging=\"1\" data-autonext=\"0\" data-thumbplay=\"1\"><div class=\"epyt-arrow\">&laquo;<\/div> <div>Prev<\/div><\/div><div class=\"epyt-pagenumbers hide\"><div class=\"epyt-current\">1<\/div><div class=\"epyt-pageseparator\"> \/ <\/div><div class=\"epyt-totalpages\">1<\/div><\/div><div tabindex=\"0\" role=\"button\" class=\"epyt-pagebutton epyt-next hide \" data-playlistid=\"UUxIT9JcdeAZLIAS29D0Bqkg\" data-pagesize=\"18\" data-pagetoken=\"\" data-epcolumns=\"6\" data-showtitle=\"1\" data-showpaging=\"1\" data-autonext=\"0\" data-thumbplay=\"1\"><div>Next<\/div> <div class=\"epyt-arrow\">&raquo;<\/div><\/div><div class=\"epyt-loader\"><img loading=\"lazy\" decoding=\"async\" alt=\"loading\" width=\"16\" height=\"11\" src=\"https:\/\/fiordigigli.com\/wp-content\/plugins\/youtube-embed-plus\/images\/gallery-page-loader.gif\"><\/div><\/div><\/div><\/div>[\/vc_column_text][vc_column_text]<\/p>\n<p style=\"font-size: 20px; line-height: 23px; color: #00716d; letter-spacing: 0px; font-weight: 100 !important; text-align: center; width: 80%; margin: 0 auto; display: block; font-family: 'Overlock'; word-spacing: -2px; font-style: italic; margin-bottom: 5px; margin-top: 29px !important;\"><strong>Abonnieren Sie unseren Youtube-Kanal<\/strong><\/p>\n<p>[\/vc_column_text][vc_btn title=&#8220;ABONNIEREN&#8220; shape=&#8220;square&#8220; color=&#8220;danger&#8220; align=&#8220;center&#8220; link=&#8220;url:https%3A%2F%2Fwww.youtube.com%2Fchannel%2FUCxIT9JcdeAZLIAS29D0Bqkg||target:%20_blank|&#8220;][\/vc_column][\/vc_row]<\/p>\n","protected":false},"excerpt":{"rendered":"<p>[vc_row css=&#8220;.vc_custom_1645115267308{margin-top: -165px !important;margin-bottom: -50px !important;padding-top: 50px !important;padding-bottom: 50px !important;background-image: url(https:\/\/fiordigigli.com\/wp-content\/uploads\/background.jpeg?id=39) !important;}&#8220;][vc_column][vc_column_text] Dies ist nur ein Vorgeschmack! [\/vc_column_text][vc_column_text] Es ist nicht m\u00f6glich, die D\u00fcfte zu beschreiben, und kein noch so ausgekl\u00fcgelter Ausr\u00fcstung kann zeigen, wie intensiv der blaue Himmel von hier aus zu sehen ist. Die W\u00e4rme unseres Kamins, der Empfang, die Freundlichkeit, ein Gespr\u00e4ch&hellip; <a class=\"more-link\" href=\"https:\/\/fiordigigli.com\/de\/fiordigigli-gallery-gran-sasso-abruzzo\/\"><span class=\"screen-reader-text\">fiordigigli gallery gran sasso abruzzo<\/span> weiterlesen<\/a><\/p>\n","protected":false},"author":1,"featured_media":0,"parent":0,"menu_order":0,"comment_status":"closed","ping_status":"closed","template":"","meta":{"footnotes":""},"class_list":["post-626","page","type-page","status-publish","hentry","entry"],"yoast_head":"<!-- This site is optimized with the Yoast SEO plugin v21.8 - https:\/\/yoast.com\/wordpress\/plugins\/seo\/ -->\n<title>fiordigigli gallery gran sasso abruzzo - Hotel Fiordigigli Gran Sasso<\/title>\n<meta name=\"robots\" content=\"index, follow, max-snippet:-1, max-image-preview:large, max-video-preview:-1\" \/>\n<link rel=\"canonical\" href=\"https:\/\/fiordigigli.com\/de\/fiordigigli-gallery-gran-sasso-abruzzo\/\" \/>\n<meta property=\"og:locale\" content=\"de_DE\" \/>\n<meta property=\"og:type\" content=\"article\" \/>\n<meta property=\"og:title\" content=\"fiordigigli gallery gran sasso abruzzo - Hotel Fiordigigli Gran Sasso\" \/>\n<meta property=\"og:description\" content=\"[vc_row css=&#8220;.vc_custom_1645115267308{margin-top: -165px !important;margin-bottom: -50px !important;padding-top: 50px !important;padding-bottom: 50px !important;background-image: url(https:\/\/fiordigigli.com\/wp-content\/uploads\/background.jpeg?id=39) !important;}&#8220;][vc_column][vc_column_text] Dies ist nur ein Vorgeschmack! [\/vc_column_text][vc_column_text] Es ist nicht m\u00f6glich, die D\u00fcfte zu beschreiben, und kein noch so ausgekl\u00fcgelter Ausr\u00fcstung kann zeigen, wie intensiv der blaue Himmel von hier aus zu sehen ist. Die W\u00e4rme unseres Kamins, der Empfang, die Freundlichkeit, ein Gespr\u00e4ch&hellip; fiordigigli gallery gran sasso abruzzo weiterlesen\" \/>\n<meta property=\"og:url\" content=\"https:\/\/fiordigigli.com\/de\/fiordigigli-gallery-gran-sasso-abruzzo\/\" \/>\n<meta property=\"og:site_name\" content=\"Hotel Fiordigigli Gran Sasso\" \/>\n<meta property=\"article:modified_time\" content=\"2022-03-21T12:22:45+00:00\" \/>\n<meta name=\"twitter:card\" content=\"summary_large_image\" \/>\n<meta name=\"twitter:label1\" content=\"Gesch\u00e4tzte Lesezeit\" \/>\n\t<meta name=\"twitter:data1\" content=\"1\u00a0Minute\" \/>\n<script type=\"application\/ld+json\" class=\"yoast-schema-graph\">{\"@context\":\"https:\/\/schema.org\",\"@graph\":[{\"@type\":\"WebPage\",\"@id\":\"https:\/\/fiordigigli.com\/de\/fiordigigli-gallery-gran-sasso-abruzzo\/\",\"url\":\"https:\/\/fiordigigli.com\/de\/fiordigigli-gallery-gran-sasso-abruzzo\/\",\"name\":\"fiordigigli gallery gran sasso abruzzo - Hotel Fiordigigli Gran Sasso\",\"isPartOf\":{\"@id\":\"https:\/\/fiordigigli.com\/#website\"},\"datePublished\":\"2022-02-18T11:35:34+00:00\",\"dateModified\":\"2022-03-21T12:22:45+00:00\",\"inLanguage\":\"de\",\"potentialAction\":[{\"@type\":\"ReadAction\",\"target\":[\"https:\/\/fiordigigli.com\/de\/fiordigigli-gallery-gran-sasso-abruzzo\/\"]}]},{\"@type\":\"WebSite\",\"@id\":\"https:\/\/fiordigigli.com\/#website\",\"url\":\"https:\/\/fiordigigli.com\/\",\"name\":\"Hotel Fiordigigli Gran Sasso\",\"description\":\"Camere, ristorante tipico e casereccio, noleggio attrezzatura, acqiusto skipass e funivia\",\"potentialAction\":[{\"@type\":\"SearchAction\",\"target\":{\"@type\":\"EntryPoint\",\"urlTemplate\":\"https:\/\/fiordigigli.com\/?s={search_term_string}\"},\"query-input\":\"required name=search_term_string\"}],\"inLanguage\":\"de\"}]}<\/script>\n<!-- \/ Yoast SEO plugin. -->","yoast_head_json":{"title":"fiordigigli gallery gran sasso abruzzo - Hotel Fiordigigli Gran Sasso","robots":{"index":"index","follow":"follow","max-snippet":"max-snippet:-1","max-image-preview":"max-image-preview:large","max-video-preview":"max-video-preview:-1"},"canonical":"https:\/\/fiordigigli.com\/de\/fiordigigli-gallery-gran-sasso-abruzzo\/","og_locale":"de_DE","og_type":"article","og_title":"fiordigigli gallery gran sasso abruzzo - Hotel Fiordigigli Gran Sasso","og_description":"[vc_row css=&#8220;.vc_custom_1645115267308{margin-top: -165px !important;margin-bottom: -50px !important;padding-top: 50px !important;padding-bottom: 50px !important;background-image: url(https:\/\/fiordigigli.com\/wp-content\/uploads\/background.jpeg?id=39) !important;}&#8220;][vc_column][vc_column_text] Dies ist nur ein Vorgeschmack! [\/vc_column_text][vc_column_text] Es ist nicht m\u00f6glich, die D\u00fcfte zu beschreiben, und kein noch so ausgekl\u00fcgelter Ausr\u00fcstung kann zeigen, wie intensiv der blaue Himmel von hier aus zu sehen ist. Die W\u00e4rme unseres Kamins, der Empfang, die Freundlichkeit, ein Gespr\u00e4ch&hellip; fiordigigli gallery gran sasso abruzzo weiterlesen","og_url":"https:\/\/fiordigigli.com\/de\/fiordigigli-gallery-gran-sasso-abruzzo\/","og_site_name":"Hotel Fiordigigli Gran Sasso","article_modified_time":"2022-03-21T12:22:45+00:00","twitter_card":"summary_large_image","twitter_misc":{"Gesch\u00e4tzte Lesezeit":"1\u00a0Minute"},"schema":{"@context":"https:\/\/schema.org","@graph":[{"@type":"WebPage","@id":"https:\/\/fiordigigli.com\/de\/fiordigigli-gallery-gran-sasso-abruzzo\/","url":"https:\/\/fiordigigli.com\/de\/fiordigigli-gallery-gran-sasso-abruzzo\/","name":"fiordigigli gallery gran sasso abruzzo - Hotel Fiordigigli Gran Sasso","isPartOf":{"@id":"https:\/\/fiordigigli.com\/#website"},"datePublished":"2022-02-18T11:35:34+00:00","dateModified":"2022-03-21T12:22:45+00:00","inLanguage":"de","potentialAction":[{"@type":"ReadAction","target":["https:\/\/fiordigigli.com\/de\/fiordigigli-gallery-gran-sasso-abruzzo\/"]}]},{"@type":"WebSite","@id":"https:\/\/fiordigigli.com\/#website","url":"https:\/\/fiordigigli.com\/","name":"Hotel Fiordigigli Gran Sasso","description":"Camere, ristorante tipico e casereccio, noleggio attrezzatura, acqiusto skipass e funivia","potentialAction":[{"@type":"SearchAction","target":{"@type":"EntryPoint","urlTemplate":"https:\/\/fiordigigli.com\/?s={search_term_string}"},"query-input":"required name=search_term_string"}],"inLanguage":"de"}]}},"_links":{"self":[{"href":"https:\/\/fiordigigli.com\/de\/wp-json\/wp\/v2\/pages\/626","targetHints":{"allow":["GET"]}}],"collection":[{"href":"https:\/\/fiordigigli.com\/de\/wp-json\/wp\/v2\/pages"}],"about":[{"href":"https:\/\/fiordigigli.com\/de\/wp-json\/wp\/v2\/types\/page"}],"author":[{"embeddable":true,"href":"https:\/\/fiordigigli.com\/de\/wp-json\/wp\/v2\/users\/1"}],"replies":[{"embeddable":true,"href":"https:\/\/fiordigigli.com\/de\/wp-json\/wp\/v2\/comments?post=626"}],"version-history":[{"count":5,"href":"https:\/\/fiordigigli.com\/de\/wp-json\/wp\/v2\/pages\/626\/revisions"}],"predecessor-version":[{"id":763,"href":"https:\/\/fiordigigli.com\/de\/wp-json\/wp\/v2\/pages\/626\/revisions\/763"}],"wp:attachment":[{"href":"https:\/\/fiordigigli.com\/de\/wp-json\/wp\/v2\/media?parent=626"}],"curies":[{"name":"wp","href":"https:\/\/api.w.org\/{rel}","templated":true}]}}