{"id":622,"date":"2022-02-16T10:03:03","date_gmt":"2022-02-16T09:03:03","guid":{"rendered":"https:\/\/fiordigigli.com\/fiordigigli-gran-sasso-abruzzo-hotel-ristorante-camere-bar\/"},"modified":"2024-12-14T13:13:55","modified_gmt":"2024-12-14T12:13:55","slug":"fiordigigli-gran-sasso-abruzzo-hotel-ristorante-camere-bar","status":"publish","type":"page","link":"https:\/\/fiordigigli.com\/de\/","title":{"rendered":"Fiordigigli Gran Sasso Abruzzen Hotel Restaurant Zimmer Bar"},"content":{"rendered":"<p>[vc_row css=&#8220;.vc_custom_1645115267308{margin-top: -165px !important;margin-bottom: -50px !important;padding-top: 50px !important;padding-bottom: 50px !important;background-image: url(https:\/\/fiordigigli.com\/wp-content\/uploads\/background.jpeg?id=39) !important;}&#8220;][vc_column][vc_empty_space height=&#8220;90px&#8220; el_class=&#8220;desktop&#8220;][vc_column_text]<!-- Widget Shortcode --><div id=\"custom_html-5\" class=\"widget_text widget widget_custom_html widget-shortcode area-arbitrary \"><h2 class=\"widgettitle\">HOTEL &#8211; Image SET per HOME PAGE<\/h2><div class=\"textwidget custom-html-widget\"><div class=\"desktop\" style=\"\r\n    display: flex;\r\n    width: 1100px;\r\n    margin: 0 auto;\r\n    text-align: center;\r\n    padding: 0 10%;\r\n    margin-top: -55px;\r\n\">\r\n<img decoding=\"async\" src=\"\/wp-content\/uploads\/home_back2.jpeg\" style=\"width: 160px;margin: 0 auto;border: 8px solid #fff;box-shadow: 0 8px 17px -11px #000;transform: rotate(-2deg);border-radius: 7px;height: 107px;margin-top: 51px;margin-right: -50px;\">\r\n<img decoding=\"async\" src=\"\/wp-content\/uploads\/Inverno2009-045-scaled.jpeg\" style=\"width: 199px;margin: 0 auto;border: 10px solid #fff;box-shadow: 0 8px 17px -11px #000;transform: rotate(-1deg);border-radius: 7px;position: relative;z-index: 99;height: 144px;margin-top: 19px;margin-right: -57px;\">\r\n<img decoding=\"async\" src=\"\/wp-content\/uploads\/IMG_1167-1-scaled.jpeg\" style=\"\r\n    margin: auto;\r\n    width: 280px;\r\n    max-width: 500px;\r\n    display: block;\r\n    margin: 0 auto;\r\n    border: 14px solid #fff;\r\n    box-shadow: 0 8px 17px -11px #000;\r\n    transform: rotate(0deg);\r\n    border-radius: 7px;\r\n    position: relative;\r\n    z-index: 999;\r\n    margin-top: -17px;\r\n\">\r\n<img decoding=\"async\" src=\"\/wp-content\/uploads\/sfondo2.jpeg\" style=\"width: 199px;margin: 0 auto;border: 10px solid #fff;box-shadow: 0 8px 17px -11px #000;transform: rotate(1deg);border-radius: 7px;height: 144px;margin-top: 19px;margin-left: -57px;position: relative;z-index: 99;\">\r\n<img decoding=\"async\" src=\"\/wp-content\/uploads\/extreme-winter-snowboarding-sports.jpeg\" style=\"width: 160px;margin: 0 auto;border: 8px solid #fff;box-shadow: 0 8px 17px -11px #000;transform: rotate(2deg);border-radius: 7px;height: 107px;margin-top: 51px;margin-left: -50px;\">\r\n<\/div><\/div><\/div><!-- \/Widget Shortcode -->[\/vc_column_text][vc_column_text]<\/p>\n<p style=\"font-size: 31px; line-height: 29px; color: #00716d; letter-spacing: 0px; font-weight: 100 !important; text-align: center; width: 80%; margin: 0 auto; display: block; font-family: 'Overlock'; word-spacing: -2px; font-style: italic; margin-bottom: -15px; margin-top: 49px !important; max-width: 55vw;\">W\u00fcrden Sie gerne einen Urlaub in den Bergen verbringen?<\/p>\n<p style=\"font-size: 25px; line-height: 29px; color: #00716d; letter-spacing: 0px; font-weight: 100 !important; text-align: center; width: 80%; margin: 0 auto; display: block; font-family: 'Overlock'; word-spacing: -2px; font-style: italic; margin-bottom: -15px; margin-top: 49px !important; max-width: 55vw;\">Der Gran Sasso d&#8217;Italia erwartet Sie f\u00fcr einen aktiven Urlaub inmitten von D\u00f6rfern und atemberaubenden Aussichten<\/p>\n<p>[\/vc_column_text][vc_column_text]<\/p>\n<p style=\"font-size: 17px; line-height: 25px; color: #00716d; letter-spacing: 0px; font-weight: 100 !important; text-align: center; max-width: 700px; margin: 0 auto; display: block; font-family: 'Overlock';\">Die Hochebene des Gran Sasso, die als &#8222;Klein-Tibet&#8220; bekannt ist, liegt im Herzen des Nationalparks Gran Sasso und Monti della Laga und bietet den Touristen eine Reihe von Aktivit\u00e4ten im Mittel- und Hochgebirge.<br \/>\nWo sich im Winter die Skifahrer auf den schneebedeckten Pisten vergn\u00fcgen, werden im Sommer Wanderungen, Klettersteige und Fahrradtouren angeboten; F\u00fchrungen in den um 1500 entdeckten H\u00f6hlen, Berggastst\u00e4tten, viel Tradition und eine ausgezeichnete K\u00fcche erwarten Sie f\u00fcr einen entspannenden und gleichzeitig aktiven Urlaub. Und nicht zu vergessen die Sternenbeobachtung: Astrophile z\u00e4hlen den Himmel des Gran Sasso zu den saubersten Italiens und in den Sommern\u00e4chten k\u00f6nnen Sie unter Anleitung unserer Astrophilen die Sterne beobachten.<\/p>\n<p>[\/vc_column_text][vc_separator el_width=&#8220;40&#8243;][vc_column_text]<!-- Widget Shortcode --><div id=\"custom_html-6\" class=\"widget_text widget widget_custom_html widget-shortcode area-arbitrary \"><h2 class=\"widgettitle\">PROPOSTE &#8211; Image SET per HOME PAGE<\/h2><div class=\"textwidget custom-html-widget\"><div class=\"desktop\" style=\"\r\n    display: flex;\r\n    width: 1100px;\r\n    margin: 0 auto;\r\n    text-align: center;\r\n    padding: 0 10%;\r\n    margin-top: 0px;\r\n\">\r\n<img decoding=\"async\" src=\"\/wp-content\/uploads\/Ristorante_4.jpg\" style=\"width: 160px;margin: 0 auto;border: 8px solid #fff;box-shadow: 0 8px 17px -11px #000;transform: rotate(-2deg);border-radius: 7px;height: 107px;margin-top: 51px;margin-right: -50px;\">\r\n<img decoding=\"async\" src=\"\/wp-content\/uploads\/2-scaled.jpg\" style=\"width: 199px;margin: 0 auto;border: 10px solid #fff;box-shadow: 0 8px 17px -11px #000;transform: rotate(-1deg);border-radius: 7px;position: relative;z-index: 99;height: 144px;margin-top: 19px;margin-right: -57px;\">\r\n<img decoding=\"async\" src=\"\/wp-content\/uploads\/Ristorante_8.jpg\" style=\"\r\n    margin: auto;\r\n    width: 280px;\r\n    max-width: 500px;\r\n    display: block;\r\n    margin: 0 auto;\r\n    border: 14px solid #fff;\r\n    box-shadow: 0 8px 17px -11px #000;\r\n    transform: rotate(0deg);\r\n    border-radius: 7px;\r\n    position: relative;\r\n    z-index: 999;\r\n    margin-top: -17px;\r\n\">\r\n<img decoding=\"async\" src=\"\/wp-content\/uploads\/snowf.jpeg\" style=\"width: 199px;margin: 0 auto;border: 10px solid #fff;box-shadow: 0 8px 17px -11px #000;transform: rotate(1deg);border-radius: 7px;height: 144px;margin-top: 19px;margin-left: -57px;position: relative;z-index: 99;\">\r\n<img decoding=\"async\" src=\"\/wp-content\/uploads\/Spa_13.jpg\" style=\"width: 160px;margin: 0 auto;border: 8px solid #fff;box-shadow: 0 8px 17px -11px #000;transform: rotate(2deg);border-radius: 7px;height: 107px;margin-top: 51px;margin-left: -50px;\">\r\n<\/div><\/div><\/div><!-- \/Widget Shortcode -->[\/vc_column_text][vc_column_text]<\/p>\n<p style=\"font-size: 25px; line-height: 23px; color: #00716d; letter-spacing: 0px; font-weight: 100 !important; text-align: center; width: 80%; margin: 0 auto; display: block; font-family: 'Overlock'; word-spacing: -2px; \/* font-style: italic; *\/margin-bottom: -26px; margin-top: 39px !important;\">BRAUCHEN SIE INSPIRATION?<\/p>\n<p>[\/vc_column_text][vc_column_text]<\/p>\n<p style=\"font-size: 20px; line-height: 23px; color: #00716d; letter-spacing: 0px; font-weight: 100 !important; text-align: center; width: 80%; margin: 0 auto; display: block; font-family: 'Overlock'; word-spacing: -2px; font-style: italic; margin-bottom: 5px; margin-top: 29px !important;\">Dann entdecken Sie unsere Vorschl\u00e4ge<\/p>\n<p>[\/vc_column_text][vc_basic_grid post_type=&#8220;post&#8220; max_items=&#8220;-1&#8243; item=&#8220;102&#8243; grid_id=&#8220;vc_gid:1734178401645-f4a4b5d1-108b-4&#8243; taxonomies=&#8220;32, 71&#8243; css=&#8220;.vc_custom_1660928179828{margin-top: -45px !important;padding-right: 30px !important;padding-left: 30px !important;}&#8220;][vc_btn title=&#8220;Entdecken Sie alle Vorschl\u00e4ge&#8220; color=&#8220;sky&#8220; align=&#8220;center&#8220; link=&#8220;url:%2Ffiordigigli-proposte-gran-sasso-abruzzo|||&#8220;][vc_separator el_width=&#8220;40&#8243;][vc_column_text]<\/p>\n<p style=\"font-size: 25px; line-height: 28px; color: #00716d; letter-spacing: 0px; font-weight: 100 !important; text-align: center; width: 80%; margin: 0 auto; display: block; font-family: 'Overlock'; word-spacing: -2px; \/* font-style: italic; *\/margin-bottom: -26px; margin-top: 39px !important; max-width: 56vw;\">FIORDIGIGLI IST MEHR ALS EIN HOTEL<\/p>\n<p>[\/vc_column_text][vc_column_text]<\/p>\n<p style=\"font-size: 20px; line-height: 23px; color: #00716d; letter-spacing: 0px; font-weight: 100 !important; text-align: center; width: 80%; margin: 0 auto; display: block; font-family: 'Overlock'; word-spacing: -2px; font-style: italic; margin-bottom: 5px; margin-top: 29px !important;\">Wie k\u00fcmmern wir uns um Sie?<\/p>\n<p>[\/vc_column_text][vc_basic_grid post_type=&#8220;post&#8220; max_items=&#8220;-1&#8243; item=&#8220;92&#8243; grid_id=&#8220;vc_gid:1734178401645-4a556f46-0cc7-4&#8243; taxonomies=&#8220;9&#8243; css=&#8220;.vc_custom_1645118174844{margin-top: -45px !important;padding-right: 30px !important;padding-left: 30px !important;}&#8220;][vc_btn title=&#8220;Entdecken Sie das Hotel Fiordigigli&#8220; color=&#8220;orange&#8220; align=&#8220;center&#8220; link=&#8220;url:%2Ffiordigigli-hotel-gran-sasso-abruzzo|||&#8220;][vc_separator el_width=&#8220;40&#8243;][vc_column_text]<\/p>\n<p style=\"font-size: 25px; line-height: 23px; color: #00716d; letter-spacing: 0px; font-weight: 100 !important; text-align: center; width: 80%; margin: 0 auto; display: block; font-family: 'Overlock'; word-spacing: -2px; \/* font-style: italic; *\/margin-bottom: -26px; margin-top: 39px !important;\">Foto- und Video<\/p>\n<p>[\/vc_column_text][vc_column_text]<\/p>\n<p style=\"font-size: 20px; line-height: 23px; color: #00716d; letter-spacing: 0px; font-weight: 100 !important; text-align: center; width: 80%; margin: 0 auto; display: block; font-family: 'Overlock'; word-spacing: -2px; font-style: italic; margin-bottom: 5px; margin-top: 29px !important;\">Eine Ecke des Paradieses auf 1000 m H\u00f6he<\/p>\n<p>[\/vc_column_text][vc_masonry_grid post_type=&#8220;attachment&#8220; max_items=&#8220;-1&#8243; style=&#8220;lazy&#8220; items_per_page=&#8220;24&#8243; gap=&#8220;3&#8243; item=&#8220;109&#8243; grid_id=&#8220;vc_gid:1734178401645-97231a47-a666-9&#8243; taxonomies=&#8220;18&#8243; css=&#8220;.vc_custom_1645184794180{padding-right: 50px !important;padding-left: 50px !important;}&#8220;][vc_btn title=&#8220;\u00d6ffnen Sie die Foto- und Videogalerie&#8220; color=&#8220;green&#8220; align=&#8220;center&#8220; link=&#8220;url:%2Ffiordigigli-gallery-gran-sasso-abruzzo|||&#8220;][\/vc_column][\/vc_row]<\/p>\n","protected":false},"excerpt":{"rendered":"<p>[vc_row css=&#8220;.vc_custom_1645115267308{margin-top: -165px !important;margin-bottom: -50px !important;padding-top: 50px !important;padding-bottom: 50px !important;background-image: url(https:\/\/fiordigigli.com\/wp-content\/uploads\/background.jpeg?id=39) !important;}&#8220;][vc_column][vc_empty_space height=&#8220;90px&#8220; el_class=&#8220;desktop&#8220;][vc_column_text][\/vc_column_text][vc_column_text] W\u00fcrden Sie gerne einen Urlaub in den Bergen verbringen? Der Gran Sasso d&#8217;Italia erwartet Sie f\u00fcr einen aktiven Urlaub inmitten von D\u00f6rfern und atemberaubenden Aussichten [\/vc_column_text][vc_column_text] Die Hochebene des Gran Sasso, die als &#8222;Klein-Tibet&#8220; bekannt ist, liegt im Herzen des Nationalparks&hellip; <a class=\"more-link\" href=\"https:\/\/fiordigigli.com\/de\/\"><span class=\"screen-reader-text\">Fiordigigli Gran Sasso Abruzzen Hotel Restaurant Zimmer Bar<\/span> weiterlesen<\/a><\/p>\n","protected":false},"author":1,"featured_media":518,"parent":0,"menu_order":0,"comment_status":"closed","ping_status":"closed","template":"","meta":{"footnotes":""},"class_list":["post-622","page","type-page","status-publish","has-post-thumbnail","hentry","entry"],"yoast_head":"<!-- This site is optimized with the Yoast SEO plugin v21.8 - https:\/\/yoast.com\/wordpress\/plugins\/seo\/ -->\n<title>Fiordigigli - Hotel e Ristorante sul Gran Sasso<\/title>\n<meta name=\"description\" content=\"Il Fiordigigli \u00e8 Hotel e Ristorante sul Gran Sasso sin dal 1974. Sorge ad oltre 1000 metri di quota a circa 200 metri dalla funivia per le piste da sci\" \/>\n<meta name=\"robots\" content=\"index, follow, max-snippet:-1, max-image-preview:large, max-video-preview:-1\" \/>\n<link rel=\"canonical\" href=\"https:\/\/fiordigigli.com\/de\/\" \/>\n<meta property=\"og:locale\" content=\"de_DE\" \/>\n<meta property=\"og:type\" content=\"article\" \/>\n<meta property=\"og:title\" content=\"Fiordigigli - Hotel e Ristorante sul Gran Sasso\" \/>\n<meta property=\"og:description\" content=\"Il Fiordigigli \u00e8 Hotel e Ristorante sul Gran Sasso sin dal 1974. Sorge ad oltre 1000 metri di quota a circa 200 metri dalla funivia per le piste da sci\" \/>\n<meta property=\"og:url\" content=\"https:\/\/fiordigigli.com\/de\/\" \/>\n<meta property=\"og:site_name\" content=\"Hotel Fiordigigli Gran Sasso\" \/>\n<meta property=\"article:modified_time\" content=\"2024-12-14T12:13:55+00:00\" \/>\n<meta property=\"og:image\" content=\"https:\/\/fiordigigli.com\/wp-content\/uploads\/Esterno_3.jpg\" \/>\n\t<meta property=\"og:image:width\" content=\"1800\" \/>\n\t<meta property=\"og:image:height\" content=\"1350\" \/>\n\t<meta property=\"og:image:type\" content=\"image\/jpeg\" \/>\n<meta name=\"twitter:card\" content=\"summary_large_image\" \/>\n<meta name=\"twitter:label1\" content=\"Gesch\u00e4tzte Lesezeit\" \/>\n\t<meta name=\"twitter:data1\" content=\"2\u00a0Minuten\" \/>\n<script type=\"application\/ld+json\" class=\"yoast-schema-graph\">{\"@context\":\"https:\/\/schema.org\",\"@graph\":[{\"@type\":\"WebPage\",\"@id\":\"https:\/\/fiordigigli.com\/de\/\",\"url\":\"https:\/\/fiordigigli.com\/de\/\",\"name\":\"Fiordigigli - Hotel e Ristorante sul Gran Sasso\",\"isPartOf\":{\"@id\":\"https:\/\/fiordigigli.com\/#website\"},\"datePublished\":\"2022-02-16T09:03:03+00:00\",\"dateModified\":\"2024-12-14T12:13:55+00:00\",\"description\":\"Il Fiordigigli \u00e8 Hotel e Ristorante sul Gran Sasso sin dal 1974. Sorge ad oltre 1000 metri di quota a circa 200 metri dalla funivia per le piste da sci\",\"inLanguage\":\"de\",\"potentialAction\":[{\"@type\":\"ReadAction\",\"target\":[\"https:\/\/fiordigigli.com\/de\/\"]}]},{\"@type\":\"WebSite\",\"@id\":\"https:\/\/fiordigigli.com\/#website\",\"url\":\"https:\/\/fiordigigli.com\/\",\"name\":\"Hotel Fiordigigli Gran Sasso\",\"description\":\"Camere, ristorante tipico e casereccio, noleggio attrezzatura, acqiusto skipass e funivia\",\"potentialAction\":[{\"@type\":\"SearchAction\",\"target\":{\"@type\":\"EntryPoint\",\"urlTemplate\":\"https:\/\/fiordigigli.com\/?s={search_term_string}\"},\"query-input\":\"required name=search_term_string\"}],\"inLanguage\":\"de\"}]}<\/script>\n<!-- \/ Yoast SEO plugin. -->","yoast_head_json":{"title":"Fiordigigli - Hotel e Ristorante sul Gran Sasso","description":"Il Fiordigigli \u00e8 Hotel e Ristorante sul Gran Sasso sin dal 1974. Sorge ad oltre 1000 metri di quota a circa 200 metri dalla funivia per le piste da sci","robots":{"index":"index","follow":"follow","max-snippet":"max-snippet:-1","max-image-preview":"max-image-preview:large","max-video-preview":"max-video-preview:-1"},"canonical":"https:\/\/fiordigigli.com\/de\/","og_locale":"de_DE","og_type":"article","og_title":"Fiordigigli - Hotel e Ristorante sul Gran Sasso","og_description":"Il Fiordigigli \u00e8 Hotel e Ristorante sul Gran Sasso sin dal 1974. Sorge ad oltre 1000 metri di quota a circa 200 metri dalla funivia per le piste da sci","og_url":"https:\/\/fiordigigli.com\/de\/","og_site_name":"Hotel Fiordigigli Gran Sasso","article_modified_time":"2024-12-14T12:13:55+00:00","og_image":[{"width":1800,"height":1350,"url":"https:\/\/fiordigigli.com\/wp-content\/uploads\/Esterno_3.jpg","type":"image\/jpeg"}],"twitter_card":"summary_large_image","twitter_misc":{"Gesch\u00e4tzte Lesezeit":"2\u00a0Minuten"},"schema":{"@context":"https:\/\/schema.org","@graph":[{"@type":"WebPage","@id":"https:\/\/fiordigigli.com\/de\/","url":"https:\/\/fiordigigli.com\/de\/","name":"Fiordigigli - Hotel e Ristorante sul Gran Sasso","isPartOf":{"@id":"https:\/\/fiordigigli.com\/#website"},"datePublished":"2022-02-16T09:03:03+00:00","dateModified":"2024-12-14T12:13:55+00:00","description":"Il Fiordigigli \u00e8 Hotel e Ristorante sul Gran Sasso sin dal 1974. Sorge ad oltre 1000 metri di quota a circa 200 metri dalla funivia per le piste da sci","inLanguage":"de","potentialAction":[{"@type":"ReadAction","target":["https:\/\/fiordigigli.com\/de\/"]}]},{"@type":"WebSite","@id":"https:\/\/fiordigigli.com\/#website","url":"https:\/\/fiordigigli.com\/","name":"Hotel Fiordigigli Gran Sasso","description":"Camere, ristorante tipico e casereccio, noleggio attrezzatura, acqiusto skipass e funivia","potentialAction":[{"@type":"SearchAction","target":{"@type":"EntryPoint","urlTemplate":"https:\/\/fiordigigli.com\/?s={search_term_string}"},"query-input":"required name=search_term_string"}],"inLanguage":"de"}]}},"_links":{"self":[{"href":"https:\/\/fiordigigli.com\/de\/wp-json\/wp\/v2\/pages\/622","targetHints":{"allow":["GET"]}}],"collection":[{"href":"https:\/\/fiordigigli.com\/de\/wp-json\/wp\/v2\/pages"}],"about":[{"href":"https:\/\/fiordigigli.com\/de\/wp-json\/wp\/v2\/types\/page"}],"author":[{"embeddable":true,"href":"https:\/\/fiordigigli.com\/de\/wp-json\/wp\/v2\/users\/1"}],"replies":[{"embeddable":true,"href":"https:\/\/fiordigigli.com\/de\/wp-json\/wp\/v2\/comments?post=622"}],"version-history":[{"count":8,"href":"https:\/\/fiordigigli.com\/de\/wp-json\/wp\/v2\/pages\/622\/revisions"}],"predecessor-version":[{"id":4878,"href":"https:\/\/fiordigigli.com\/de\/wp-json\/wp\/v2\/pages\/622\/revisions\/4878"}],"wp:featuredmedia":[{"embeddable":true,"href":"https:\/\/fiordigigli.com\/de\/wp-json\/wp\/v2\/media\/518"}],"wp:attachment":[{"href":"https:\/\/fiordigigli.com\/de\/wp-json\/wp\/v2\/media?parent=622"}],"curies":[{"name":"wp","href":"https:\/\/api.w.org\/{rel}","templated":true}]}}