{"id":4867,"date":"2024-12-14T12:40:40","date_gmt":"2024-12-14T11:40:40","guid":{"rendered":"https:\/\/fiordigigli.com\/prenota-promemoriatabellaperiodonatale\/"},"modified":"2026-03-20T10:00:13","modified_gmt":"2026-03-20T09:00:13","slug":"prenota2025","status":"publish","type":"page","link":"https:\/\/fiordigigli.com\/de\/prenota2025\/","title":{"rendered":"Prenota"},"content":{"rendered":"<p>[vc_row css=&#8220;.vc_custom_1646387145918{margin-top: -165px !important;background-image: url(https:\/\/fiordigigli.com\/wp-content\/uploads\/background.jpeg?id=39) !important;}&#8220; el_class=&#8220;the-post-set&#8220;][vc_column][vc_single_image image=&#8220;168&#8243; img_size=&#8220;1100&#215;500&#8243; el_class=&#8220;image-over&#8220;][vc_empty_space height=&#8220;10px&#8220;][vc_column_text css=&#8220;.vc_custom_1734177263322{margin-top: 20px !important;}&#8220;]<\/p>\n<p style=\"font-size: 31px; line-height: 23px; color: #00716d; letter-spacing: 0px; font-weight: 100 !important; text-align: center; width: 80%; margin: 0 auto; display: block; font-family: 'Overlock'; word-spacing: -2px; font-style: italic; margin-bottom: -15px; margin-top: 49px !important;\">Informationen und Richtlinien<\/p>\n<p>[\/vc_column_text][vc_column_text]<\/p>\n<p style=\"font-size: 17px; line-height: 23px; color: #00716d; letter-spacing: 0px; font-weight: 100 !important; text-align: center; width: 78%; margin: 0 auto; display: block; font-family: 'Overlock';\">Das Team des Fiordigigli Hotels steht Ihnen gerne zur Verf\u00fcgung, um Ihre Fragen zu beantworten, Ihre W\u00fcnsche zu erf\u00fcllen und ma\u00dfgeschneiderte L\u00f6sungen zu entwickeln, um Ihnen w\u00e4hrend Ihres Aufenthalts maximalen Komfort zu gew\u00e4hrleisten. Sie k\u00f6nnen unser Hotel 24\/7 \u00fcber unsere offiziellen Kontakte oder \u00fcber soziale Netzwerke erreichen.<\/p>\n<h5 style=\"margin-top: 12px !important; color: #00716d!important; max-width: 400px !important; font-weight: 900 !important; border: 1px solid #00716d; width: 223px !important; border-radius: 10px; margin: 27px auto !important; text-align: center !important; display: block !important; padding: 10px 20px;\"><a style=\"text-decoration: unset !important; color: #00716d!important;\" href=\"tel:+390862606171\">INFOLINE (+39) 0862.606171<\/a><\/h5>\n<p><a style=\"text-align: center; display: block; margin: 0 auto; margin-top: -20px; font-size: 15px !important;\" href=\"#booking-block\">ANDERE KONTAKTE<\/a><br \/>\n[\/vc_column_text][vc_row_inner equal_height=&#8220;yes&#8220; gap=&#8220;10&#8243; css=&#8220;.vc_custom_1646387835359{padding-right: 50px !important;padding-left: 50px !important;}&#8220;][vc_column_inner width=&#8220;1\/2&#8243;][vc_column_text el_class=&#8220;sectionTitle&#8220;]Buchungen und Zahlungen<br \/>\n[\/vc_column_text][vc_column_text el_class=&#8220;sectionDesc&#8220;]Bei der Buchung ist in der Regel eine Anzahlung per Bank\u00fcberweisung erforderlich. Die H\u00f6he der Anzahlung wird von der Hotelleitung je nach Art der angeforderten Dienstleistung festgelegt. Zahlungen in bar sowie per Debit- und Kreditkarten der Netzwerke VISA, MASTERCARD, POSTEPAY, MAESTRO und AMEX werden akzeptiert. Kinder von 0 bis 3 Jahren \u00fcbernachten kostenlos, Kinder von 4 bis 8 Jahren erhalten einen Rabatt von 40 %, und Kinder von 9 bis 13 Jahren erhalten einen Rabatt von 20 %. Haustiere sind gegen einen Aufpreis von 10,00 \u20ac pro Tag erlaubt. Ein Kinderbett kann im Zimmer f\u00fcr einen Aufpreis von 10,00 \u20ac pro Tag hinzugef\u00fcgt werden.<br \/>\n[\/vc_column_text][vc_column_text el_class=&#8220;sectionTitle&#8220;]Zusatzleistungen und Informationen<br \/>\n[\/vc_column_text][vc_column_text el_class=&#8220;sectionDesc&#8220;]Es ist m\u00f6glich, Skip\u00e4sse direkt im Hotel zu <strong>verg\u00fcnstigten Preisen<\/strong> zu buchen und abzuholen sowie die Ausr\u00fcstung in unserem <strong>Verleih<\/strong> zu mieten. <strong>Herr Alberto<\/strong>, unser erfahrener Bergf\u00fchrer, stellt Ihnen hochmoderne Ausr\u00fcstung zur Verf\u00fcgung, darunter leistungsstarke Tourenski.<br \/>\nKomplettes Skiset \u20ac 25,00\/Tag. Snowboard und Boots \u20ac 30,00\/Tag. Erm\u00e4\u00dfigungen f\u00fcr mehrt\u00e4gige Mieten sind verf\u00fcgbar. Kinder im Alter von 0 bis 6 Jahren fahren kostenlos Ski.<br \/>\n[\/vc_column_text][vc_column_text el_class=&#8220;sectionTitle&#8220;]Hotelzeiten[\/vc_column_text][vc_column_text el_class=&#8220;sectionDesc&#8220;]Der Check-in ist von 12:00 bis 20:00 Uhr an jedem Wochentag m\u00f6glich. <strong>Mit vorheriger Ank\u00fcndigung<\/strong> ist ein sp\u00e4ter Check-in bis 22:00 Uhr m\u00f6glich. Jeden Tag wird von 7:00 bis 10:00 Uhr ein reichhaltiges Fr\u00fchst\u00fcck serviert, das eine Auswahl an frischen, hausgemachten Desserts enth\u00e4lt, die von den Besitzerinnen zubereitet werden. Die Reinigung erfolgt t\u00e4glich nach 9:00 Uhr und wird bis sp\u00e4testens 14:00 Uhr abgeschlossen.<br \/>\n[\/vc_column_text][\/vc_column_inner][vc_column_inner width=&#8220;1\/2&#8243;][vc_column_text el_class=&#8220;sectionTitle&#8220;]Wochenendpreise 2026[\/vc_column_text][vc_raw_html el_class=&#8220;sectionDesc&#8220;]JTNDc3R5bGUlM0UlMEElMEF0ZCUyMCU3QiUwQXdpZHRoJTNBJTIwMjMlMjUlM0IlMEF0ZXh0LWFsaWduJTNBJTIwY2VudGVyJTNCJTBBJTdEJTBBdGQlMjBzcGFuJTIwJTdCJTBBZm9udC1zaXplJTNBJTIwMTJweCUzQiUyMCUwQSU3RCUwQXRkJTIwJTdCJTBBYm9yZGVyJTNBJTIwMXB4JTIwc29saWQlMjAlMjFpbXBvcnRhbnQlM0IlMEFkaXNwbGF5JTNBYmxvY2slM0IlMEF3aWR0aCUzQTEwMCUyNSUzQiUwQW1pbi13aWR0aCUzQTEwMCUyNSUzQiUwQSU3RCUwQSUwQSUzQyUyRnN0eWxlJTNFJTBBJTNDdGFibGUlMjAlMjBzdHlsZSUzRCUyMmJvcmRlciUzQW5vbmUlMjAlMjFpbXBvcnRhbnQlM0IlMjBtYXJnaW4tdG9wJTNBJTIwLTFweCUzQiUyMiUzRSUwQSUzQ3RyJTNFJTBBJTNDdGQlMjBzdHlsZSUzRCUyMmJvcmRlciUzQW5vbmUlMjFpbXBvcnRhbnQlM0IlMjIlM0UlM0MlMkZ0ZCUzRSUzQ3RkJTNFV09DSEVORU5ERU4lMjBKQU5VQVIlMjAlRTIlODAlOTMlMjBGRUJSVUFSJTIwMjAyNiUzQyUyRnRkJTNFJTBBJTNDdGQlM0UyJTIwVGFnZSUyMEhhbGJwZW5zaW9uJTIwZiVDMyVCQ3IlMjBFcndhY2hzZW5lJTIwaW0lMjBEb3BwZWx6aW1tZXIlMjAlRTIlODIlQUMlMjAyMTAlMkMwMCUyMGlua2x1c2l2ZSUyMGVpbmVzJTIwRWludHJpdHRzJTIwaW4lMjBkZW4lMjBXZWxsbmVzc2JlcmVpY2glM0MlMkZ0ZCUzRSUwQSUzQ3RkJTNFMyUyMFRhZ2UlMjBIYWxicGVuc2lvbiUyMGYlQzMlQkNyJTIwRXJ3YWNoc2VuZSUyMGltJTIwRG9wcGVsemltbWVyJTIwJUUyJTgyJUFDJTIwMjg1JTJDMDAlMjBpbmtsdXNpdmUlMjBlaW5lcyUyMEVpbnRyaXR0cyUyMGluJTIwZGVuJTIwV2VsbG5lc3NiZXJlaWNoJTNDJTJGdGQlM0UlMEElM0N0ZCUyMHN0eWxlJTNEJTIyYm9yZGVyJTNBbm9uZSUyMWltcG9ydGFudCUzQiUyMiUzRSUzQyUyRnRkJTNFJTBBJTNDJTJGdHIlM0UlMEElM0N0ciUzRSUwQSUzQ3RkJTIwc3R5bGUlM0QlMjJib3JkZXIlM0Fub25lJTIxaW1wb3J0YW50JTNCJTIyJTNFJTNDJTJGdGQlM0UlM0N0ZCUzRVdPQ0hFTkVOREVOJTIwTSVDMyU4NFJaJTIwMjAyNiUzQyUyRnRkJTNFJTBBJTNDdGQlM0UyJTIwVGFnZSUyMEhhbGJwZW5zaW9uJTIwZiVDMyVCQ3IlMjBFcndhY2hzZW5lJTIwaW0lMjBEb3BwZWx6aW1tZXIlMjAlRTIlODIlQUMlMjAxNTglMkMwMCUyMGlua2x1c2l2ZSUyMGVpbmVzJTIwRWludHJpdHRzJTIwaW4lMjBkZW4lMjBXZWxsbmVzc2JlcmVpY2glM0MlMkZ0ZCUzRSUwQSUzQ3RkJTIwc3R5bGUlM0QlMjJib3JkZXIlM0Fub25lJTIxaW1wb3J0YW50JTNCJTIyJTNFJTNDJTJGdGQlM0UlMEElM0MlMkZ0ciUzRSUwQSUzQ3RkJTIwc3R5bGUlM0QlMjJib3JkZXIlM0Fub25lJTIxaW1wb3J0YW50JTNCJTIyJTNFJTNDJTJGdGQlM0UlM0N0ZCUzRU9TVEVSTiUyMDIwMjYlM0MlMkZ0ZCUzRSUwQSUzQ3RkJTNFMiUyMFRhZ2UlMjBIYWxicGVuc2lvbiUyMGYlQzMlQkNyJTIwRXJ3YWNoc2VuZSUyMGltJTIwRG9wcGVsemltbWVyJTIwJUUyJTgyJUFDJTIwMTc4JTJDMDAlMjAlM0MlMkZ0ZCUzRSUwQSUzQ3RkJTNFMyUyMFRhZ2UlMjBIYWxicGVuc2lvbiUyMGYlQzMlQkNyJTIwRXJ3YWNoc2VuZSUyMGltJTIwRG9wcGVsemltbWVyJTIwJUUyJTgyJUFDJTIwMjU1JTJDMDAlMjAlM0MlMkZ0ZCUzRSUwQSUzQ3RkJTNFNCUyMFRhZ2UlMjBIYWxicGVuc2lvbiUyMGYlQzMlQkNyJTIwRXJ3YWNoc2VuZSUyMGltJTIwRG9wcGVsemltbWVyJTIwJUUyJTgyJUFDJTIwMzIwJTJDMDAlMjAlM0MlMkZ0ZCUzRSUwQSUzQ3RkJTIwc3R5bGUlM0QlMjJib3JkZXIlM0Fub25lJTIxaW1wb3J0YW50JTNCJTIyJTNFJTNDJTJGdGQlM0UlMEElM0MlMkZ0ciUzRSUwQSUzQyUyRnRhYmxlJTNFJTBB[\/vc_raw_html][\/vc_column_inner][\/vc_row_inner][\/vc_column][\/vc_row]<\/p>\n","protected":false},"excerpt":{"rendered":"<p>[vc_row css=&#8220;.vc_custom_1646387145918{margin-top: -165px !important;background-image: url(https:\/\/fiordigigli.com\/wp-content\/uploads\/background.jpeg?id=39) !important;}&#8220; el_class=&#8220;the-post-set&#8220;][vc_column][vc_single_image image=&#8220;168&#8243; img_size=&#8220;1100&#215;500&#8243; el_class=&#8220;image-over&#8220;][vc_empty_space height=&#8220;10px&#8220;][vc_column_text css=&#8220;.vc_custom_1734177263322{margin-top: 20px !important;}&#8220;] Informationen und Richtlinien [\/vc_column_text][vc_column_text] Das Team des Fiordigigli Hotels steht Ihnen gerne zur Verf\u00fcgung, um Ihre Fragen zu beantworten, Ihre W\u00fcnsche zu erf\u00fcllen und ma\u00dfgeschneiderte L\u00f6sungen zu entwickeln, um Ihnen w\u00e4hrend Ihres Aufenthalts maximalen Komfort zu gew\u00e4hrleisten. Sie k\u00f6nnen unser Hotel&hellip; <a class=\"more-link\" href=\"https:\/\/fiordigigli.com\/de\/prenota2025\/\"><span class=\"screen-reader-text\">Prenota<\/span> weiterlesen<\/a><\/p>\n","protected":false},"author":1,"featured_media":0,"parent":0,"menu_order":0,"comment_status":"closed","ping_status":"closed","template":"","meta":{"footnotes":""},"class_list":["post-4867","page","type-page","status-publish","hentry","entry"],"yoast_head":"<!-- This site is optimized with the Yoast SEO plugin v21.8 - https:\/\/yoast.com\/wordpress\/plugins\/seo\/ -->\n<title>Prenota - Hotel Fiordigigli Gran Sasso<\/title>\n<meta name=\"robots\" content=\"index, follow, max-snippet:-1, max-image-preview:large, max-video-preview:-1\" \/>\n<link rel=\"canonical\" href=\"https:\/\/fiordigigli.com\/de\/prenota2025\/\" \/>\n<meta property=\"og:locale\" content=\"de_DE\" \/>\n<meta property=\"og:type\" content=\"article\" \/>\n<meta property=\"og:title\" content=\"Prenota - Hotel Fiordigigli Gran Sasso\" \/>\n<meta property=\"og:description\" content=\"[vc_row css=&#8220;.vc_custom_1646387145918{margin-top: -165px !important;background-image: url(https:\/\/fiordigigli.com\/wp-content\/uploads\/background.jpeg?id=39) !important;}&#8220; el_class=&#8220;the-post-set&#8220;][vc_column][vc_single_image image=&#8220;168&#8243; img_size=&#8220;1100&#215;500&#8243; el_class=&#8220;image-over&#8220;][vc_empty_space height=&#8220;10px&#8220;][vc_column_text css=&#8220;.vc_custom_1734177263322{margin-top: 20px !important;}&#8220;] Informationen und Richtlinien [\/vc_column_text][vc_column_text] Das Team des Fiordigigli Hotels steht Ihnen gerne zur Verf\u00fcgung, um Ihre Fragen zu beantworten, Ihre W\u00fcnsche zu erf\u00fcllen und ma\u00dfgeschneiderte L\u00f6sungen zu entwickeln, um Ihnen w\u00e4hrend Ihres Aufenthalts maximalen Komfort zu gew\u00e4hrleisten. Sie k\u00f6nnen unser Hotel&hellip; Prenota weiterlesen\" \/>\n<meta property=\"og:url\" content=\"https:\/\/fiordigigli.com\/de\/prenota2025\/\" \/>\n<meta property=\"og:site_name\" content=\"Hotel Fiordigigli Gran Sasso\" \/>\n<meta property=\"article:modified_time\" content=\"2026-03-20T09:00:13+00:00\" \/>\n<meta name=\"twitter:card\" content=\"summary_large_image\" \/>\n<meta name=\"twitter:label1\" content=\"Gesch\u00e4tzte Lesezeit\" \/>\n\t<meta name=\"twitter:data1\" content=\"2\u00a0Minuten\" \/>\n<script type=\"application\/ld+json\" class=\"yoast-schema-graph\">{\"@context\":\"https:\/\/schema.org\",\"@graph\":[{\"@type\":\"WebPage\",\"@id\":\"https:\/\/fiordigigli.com\/de\/prenota2025\/\",\"url\":\"https:\/\/fiordigigli.com\/de\/prenota2025\/\",\"name\":\"Prenota - Hotel Fiordigigli Gran Sasso\",\"isPartOf\":{\"@id\":\"https:\/\/fiordigigli.com\/#website\"},\"datePublished\":\"2024-12-14T11:40:40+00:00\",\"dateModified\":\"2026-03-20T09:00:13+00:00\",\"inLanguage\":\"de\",\"potentialAction\":[{\"@type\":\"ReadAction\",\"target\":[\"https:\/\/fiordigigli.com\/de\/prenota2025\/\"]}]},{\"@type\":\"WebSite\",\"@id\":\"https:\/\/fiordigigli.com\/#website\",\"url\":\"https:\/\/fiordigigli.com\/\",\"name\":\"Hotel Fiordigigli Gran Sasso\",\"description\":\"Camere, ristorante tipico e casereccio, noleggio attrezzatura, acqiusto skipass e funivia\",\"potentialAction\":[{\"@type\":\"SearchAction\",\"target\":{\"@type\":\"EntryPoint\",\"urlTemplate\":\"https:\/\/fiordigigli.com\/?s={search_term_string}\"},\"query-input\":\"required name=search_term_string\"}],\"inLanguage\":\"de\"}]}<\/script>\n<!-- \/ Yoast SEO plugin. -->","yoast_head_json":{"title":"Prenota - Hotel Fiordigigli Gran Sasso","robots":{"index":"index","follow":"follow","max-snippet":"max-snippet:-1","max-image-preview":"max-image-preview:large","max-video-preview":"max-video-preview:-1"},"canonical":"https:\/\/fiordigigli.com\/de\/prenota2025\/","og_locale":"de_DE","og_type":"article","og_title":"Prenota - Hotel Fiordigigli Gran Sasso","og_description":"[vc_row css=&#8220;.vc_custom_1646387145918{margin-top: -165px !important;background-image: url(https:\/\/fiordigigli.com\/wp-content\/uploads\/background.jpeg?id=39) !important;}&#8220; el_class=&#8220;the-post-set&#8220;][vc_column][vc_single_image image=&#8220;168&#8243; img_size=&#8220;1100&#215;500&#8243; el_class=&#8220;image-over&#8220;][vc_empty_space height=&#8220;10px&#8220;][vc_column_text css=&#8220;.vc_custom_1734177263322{margin-top: 20px !important;}&#8220;] Informationen und Richtlinien [\/vc_column_text][vc_column_text] Das Team des Fiordigigli Hotels steht Ihnen gerne zur Verf\u00fcgung, um Ihre Fragen zu beantworten, Ihre W\u00fcnsche zu erf\u00fcllen und ma\u00dfgeschneiderte L\u00f6sungen zu entwickeln, um Ihnen w\u00e4hrend Ihres Aufenthalts maximalen Komfort zu gew\u00e4hrleisten. Sie k\u00f6nnen unser Hotel&hellip; Prenota weiterlesen","og_url":"https:\/\/fiordigigli.com\/de\/prenota2025\/","og_site_name":"Hotel Fiordigigli Gran Sasso","article_modified_time":"2026-03-20T09:00:13+00:00","twitter_card":"summary_large_image","twitter_misc":{"Gesch\u00e4tzte Lesezeit":"2\u00a0Minuten"},"schema":{"@context":"https:\/\/schema.org","@graph":[{"@type":"WebPage","@id":"https:\/\/fiordigigli.com\/de\/prenota2025\/","url":"https:\/\/fiordigigli.com\/de\/prenota2025\/","name":"Prenota - Hotel Fiordigigli Gran Sasso","isPartOf":{"@id":"https:\/\/fiordigigli.com\/#website"},"datePublished":"2024-12-14T11:40:40+00:00","dateModified":"2026-03-20T09:00:13+00:00","inLanguage":"de","potentialAction":[{"@type":"ReadAction","target":["https:\/\/fiordigigli.com\/de\/prenota2025\/"]}]},{"@type":"WebSite","@id":"https:\/\/fiordigigli.com\/#website","url":"https:\/\/fiordigigli.com\/","name":"Hotel Fiordigigli Gran Sasso","description":"Camere, ristorante tipico e casereccio, noleggio attrezzatura, acqiusto skipass e funivia","potentialAction":[{"@type":"SearchAction","target":{"@type":"EntryPoint","urlTemplate":"https:\/\/fiordigigli.com\/?s={search_term_string}"},"query-input":"required name=search_term_string"}],"inLanguage":"de"}]}},"_links":{"self":[{"href":"https:\/\/fiordigigli.com\/de\/wp-json\/wp\/v2\/pages\/4867","targetHints":{"allow":["GET"]}}],"collection":[{"href":"https:\/\/fiordigigli.com\/de\/wp-json\/wp\/v2\/pages"}],"about":[{"href":"https:\/\/fiordigigli.com\/de\/wp-json\/wp\/v2\/types\/page"}],"author":[{"embeddable":true,"href":"https:\/\/fiordigigli.com\/de\/wp-json\/wp\/v2\/users\/1"}],"replies":[{"embeddable":true,"href":"https:\/\/fiordigigli.com\/de\/wp-json\/wp\/v2\/comments?post=4867"}],"version-history":[{"count":10,"href":"https:\/\/fiordigigli.com\/de\/wp-json\/wp\/v2\/pages\/4867\/revisions"}],"predecessor-version":[{"id":10313,"href":"https:\/\/fiordigigli.com\/de\/wp-json\/wp\/v2\/pages\/4867\/revisions\/10313"}],"wp:attachment":[{"href":"https:\/\/fiordigigli.com\/de\/wp-json\/wp\/v2\/media?parent=4867"}],"curies":[{"name":"wp","href":"https:\/\/api.w.org\/{rel}","templated":true}]}}